{"id":999,"date":"2024-07-05T17:40:43","date_gmt":"2024-07-05T17:40:43","guid":{"rendered":"https:\/\/sabinanazarova.com\/?page_id=999"},"modified":"2024-07-09T18:24:47","modified_gmt":"2024-07-09T18:24:47","slug":"999-2","status":"publish","type":"page","link":"https:\/\/sabinanazarova.com\/az\/999-2\/","title":{"rendered":"Onlayn Terapiya"},"content":{"rendered":"<p><\/p>\n\n\n\n<div class=\"wp-block-uagb-advanced-heading uagb-block-dfa60a26\"><h2 class=\"uagb-heading-text\">Onlayn Terapiya<\/h2><\/div>\n\n\n\n<p>\u018fg\u0259r siz tez-tez i\u015f \u00fc\u00e7\u00fcn s\u0259yah\u0259t edirsinizs\u0259, xaricd\u0259 ya\u015fay\u0131rs\u0131n\u0131zsa v\u0259 ya sad\u0259c\u0259 olaraq evinizin rahatl\u0131\u011f\u0131nda seanslar ke\u00e7irm\u0259y\u0259 \u00fcst\u00fcnl\u00fck verirsinizs\u0259, bu se\u00e7im faydal\u0131 ola bil\u0259r.<\/p>\n\n\n\n<p>Onlayn terapiyalar \u00fczb\u0259\u00fcz terapiyalar kimi konfidensiald\u0131r v\u0259 effektivdir.<\/p>\n\n\n\n<p>Seanslar Google Meet v\u0259 ya doxy.me platformalar\u0131 \u00fcz\u0259rind\u0259n h\u0259yata ke\u00e7irilir, h\u0259r ikisi qar\u015f\u0131l\u0131ql\u0131 \u0259laq\u0259miz \u00fc\u00e7\u00fcn t\u0259hl\u00fck\u0259siz platformalar t\u0259min edir. \u0130\u015ftirak etm\u0259k \u00fc\u00e7\u00fcn siz\u0259 internet ba\u011flant\u0131s\u0131 olan komp\u00fcter, kamera, mikrofon laz\u0131md\u0131r. \u018flveri\u015fli m\u00fchiti t\u0259min etm\u0259k \u00fc\u00e7\u00fcn l\u00fctf\u0259n, \u00f6z\u00fcn\u00fcz\u00fc t\u0259hl\u00fck\u0259siz hiss etdiyiniz sakit v\u0259 diqq\u0259tinizi yay\u0131nd\u0131rmayan bir yerd\u0259 i\u015ftirak edin.<\/p>\n\n\n\n<p id=\"96fe\">Bununla bel\u0259 onlayn terapiya b\u00fct\u00fcn f\u0259rdl\u0259r v\u0259 ya v\u0259ziyy\u0259tl\u0259r\u0259 m\u00fcdaxil\u0259 \u00fc\u00e7\u00fcn uy\u011fun deyil.<\/p>\n\n\n\n<p id=\"5e28\">F\u00f6vq\u0259lad\u0259 hallarda v\u0259 ya f\u0259rdin rifah\u0131 \u00fc\u00e7\u00fcn \u0259sl t\u0259hl\u00fck\u0259 yaradan situasiyalarda onlayn \u00fcnsiyy\u0259t qeyri-adekvat m\u00fcalic\u0259 formas\u0131 kimi q\u0259bul edilir.<\/p>\n\n\n\n<h2 class=\"wp-block-heading\" id=\"accd\">A\u015fa\u011f\u0131da onlayn terapiyan\u0131n t\u00f6vsiy\u0259 olunmad\u0131\u011f\u0131 hallar\u0131 t\u0259svir edir\u0259m:<\/h2>\n\n\n\n<p>1. F\u0259rdin a\u011f\u0131r \u00f6z\u00fcn\u0259 z\u0259r\u0259r verm\u0259k v\u0259 ya aktiv intihar etm\u0259k planlar\u0131 oldu\u011fu hallarda.<\/p>\n\n\n\n<p id=\"a369\">2. F\u0259rdin ba\u015fqalar\u0131na z\u0259r\u0259r verm\u0259k d\u00fc\u015f\u00fcnc\u0259l\u0259ri\/planlar\u0131 olduqda.<\/p>\n\n\n\n<p id=\"77a0\">3. F\u0259rd h\u0259yati t\u0259hl\u00fck\u0259 v\u0259 ya f\u00f6vq\u0259lad\u0259 v\u0259ziyy\u0259tl\u0259 \u00fczl\u0259\u015fdikd\u0259.<\/p>\n\n\n\n<p id=\"1d51\">4. F\u0259rdin yax\u0131n zamanda intihar v\u0259 istismar tarix\u00e7\u0259si olduqda.<\/p>\n\n\n\n<p id=\"f685\">5. F\u0259rd qeyri-real inanclara (delusiyalar) sahib olduqda.<\/p>\n\n\n\n<p id=\"0747\">6. F\u0259rd hallusunasiyalar ya\u015fad\u0131qda.<\/p>\n\n\n\n<p id=\"8234\">7. F\u0259rd alkoqol v\u0259 ya narkotikd\u0259n aktiv \u015f\u0259kild\u0259 sui-istifad\u0259 etdikd\u0259.<\/p>\n\n\n\n<p id=\"212d\">Bel\u0259 f\u00f6vq\u0259lad\u0259 hallarda f\u0259rdin \u00fcz-\u00fcz\u0259 terapiya almas\u0131 vacibdir.<\/p>","protected":false},"excerpt":{"rendered":"<p>Online Therapy I offer online therapy, which has been found to be effective. This option could be beneficial if you frequently travel for work, live abroad or simply prefer to have sessions in the comfort of your home. All online therapy sessions are confidential. Sessions are conducted using either Google Meet or doxy.me, both of [&hellip;]<\/p>","protected":false},"author":1,"featured_media":0,"parent":0,"menu_order":0,"comment_status":"closed","ping_status":"closed","template":"","meta":{"_uag_custom_page_level_css":"","footnotes":""},"class_list":["post-999","page","type-page","status-publish","hentry"],"aioseo_notices":[],"uagb_featured_image_src":{"full":false,"thumbnail":false,"medium":false,"medium_large":false,"large":false,"1536x1536":false,"2048x2048":false,"trp-custom-language-flag":false},"uagb_author_info":{"display_name":"sabinanazarova.psych@gmail.com","author_link":"https:\/\/sabinanazarova.com\/az\/author\/sabinanazarova-psychgmail-com\/"},"uagb_comment_info":0,"uagb_excerpt":"Online Therapy I offer online therapy, which has been found to be effective. This option could be beneficial if you frequently travel for work, live abroad or simply prefer to have sessions in the comfort of your home. All online therapy sessions are confidential. Sessions are conducted using either Google Meet or doxy.me, both of&hellip;","_links":{"self":[{"href":"https:\/\/sabinanazarova.com\/az\/wp-json\/wp\/v2\/pages\/999","targetHints":{"allow":["GET"]}}],"collection":[{"href":"https:\/\/sabinanazarova.com\/az\/wp-json\/wp\/v2\/pages"}],"about":[{"href":"https:\/\/sabinanazarova.com\/az\/wp-json\/wp\/v2\/types\/page"}],"author":[{"embeddable":true,"href":"https:\/\/sabinanazarova.com\/az\/wp-json\/wp\/v2\/users\/1"}],"replies":[{"embeddable":true,"href":"https:\/\/sabinanazarova.com\/az\/wp-json\/wp\/v2\/comments?post=999"}],"version-history":[{"count":4,"href":"https:\/\/sabinanazarova.com\/az\/wp-json\/wp\/v2\/pages\/999\/revisions"}],"predecessor-version":[{"id":1220,"href":"https:\/\/sabinanazarova.com\/az\/wp-json\/wp\/v2\/pages\/999\/revisions\/1220"}],"wp:attachment":[{"href":"https:\/\/sabinanazarova.com\/az\/wp-json\/wp\/v2\/media?parent=999"}],"curies":[{"name":"wp","href":"https:\/\/api.w.org\/{rel}","templated":true}]}}