{"id":995,"date":"2024-07-05T17:34:11","date_gmt":"2024-07-05T17:34:11","guid":{"rendered":"https:\/\/sabinanazarova.com\/?page_id=995"},"modified":"2024-09-08T11:55:14","modified_gmt":"2024-09-08T11:55:14","slug":"995-2","status":"publish","type":"page","link":"https:\/\/sabinanazarova.com\/az\/995-2\/","title":{"rendered":"Counselling"},"content":{"rendered":"<p><\/p>\n\n\n\n<div class=\"wp-block-uagb-advanced-heading uagb-block-08824bd3\"><h2 class=\"uagb-heading-text\">Counselling<\/h2><\/div>\n\n\n\n<p>Terapiya ver\u0259rk\u0259n g\u00f6r\u00fcr\u0259m ki, b\u0259zi insanlar emosional d\u0259st\u0259k almaq v\u0259 ya bir g\u00f6r\u00fc\u015fd\u0259 m\u00fc\u0259yy\u0259n bir problemi h\u0259ll etm\u0259k \u00fc\u00e7\u00fcn bir seans al\u0131rlar v\u0259 h\u0259ll ed\u0259 bil\u0259c\u0259kl\u0259rini d\u00fc\u015f\u00fcn\u00fcrl\u0259r. Bu yana\u015fma vaxt v\u0259 ard\u0131c\u0131ll\u0131q t\u0259l\u0259b ed\u0259n psixoterapiyaya il\u0259 uy\u011fun g\u0259lmir. Bu q\u0259d\u0259r q\u0131sa m\u00fcdd\u0259td\u0259 ehtiyaclar\u0131n\u0131z\u0131 \u00f6d\u0259m\u0259k m\u0259nim \u00fc\u00e7\u00fcn, el\u0259c\u0259 d\u0259 h\u0259r hans\u0131 bir terapevt \u00fc\u00e7\u00fcn \u00e7\u0259tin ola bil\u0259r, x\u00fcsus\u0259n d\u0259 \u0259vv\u0259lc\u0259d\u0259n \u0259laq\u0259 saxlay\u0131b g\u00f6zl\u0259ntil\u0259rinizi b\u00f6l\u00fc\u015fm\u0259s\u0259niz.<\/p>\n\n\n\n<p>M\u0259n ba\u015fa d\u00fc\u015fs\u0259m d\u0259, bu, bir \u00e7ox az\u0259rbaycanl\u0131lar \u00fc\u00e7\u00fcn m\u0259d\u0259ni norma ola, x\u00fcsusil\u0259 d\u0259 b\u00f6hran d\u00f6vr\u00fcnd\u0259 m\u00fcnt\u0259z\u0259m sessiyalar\u0131 planla\u015fd\u0131rmaq v\u0259 saxlamaq \u00e7\u0259tin ola bil\u0259r. Lakin, psixoterapiya t\u0259klif etm\u0259y\u0259 sadiq olsam da, bu yana\u015fma ham\u0131 \u00fc\u00e7\u00fcn uy\u011fun olmaya bil\u0259r. <\/p>\n\n\n\n<p><strong>Buna g\u00f6r\u0259 d\u0259, maarifl\u0259ndirm\u0259kl\u0259 yana\u015f\u0131 t\u0259klif etdiyim h\u0259ll yolu iki seansl\u0131 r\u0259hb\u0259rlikdir.<\/strong><\/p>\n\n\n\n<p>Davam ed\u0259n terapiya il\u0259 ba\u011fl\u0131 qalmaq \u00e7\u0259tindirs\u0259 m\u0259sl\u0259h\u0259t \u00fc\u00e7\u00fcn iki eyni g\u00fcnd\u0259 ard\u0131c\u0131l seans t\u0259klif ed\u0259 bil\u0259r\u0259m. \u0130ki seans 120 d\u0259qiq\u0259 davam ed\u0259c\u0259k. Bu format biz\u0259 probleml\u0259rinizi ara\u015fd\u0131rmaq v\u0259 \u00f6hd\u0259sind\u0259n g\u0259lm\u0259yiniz\u0259 k\u00f6m\u0259k etm\u0259k \u00fc\u00e7\u00fcn d\u0259rhal strategiyalar haz\u0131rlamaq \u00fc\u00e7\u00fcn biz\u0259 daha \u00e7ox vaxt verir. Seanslardan \u00f6nc\u0259, ehtiyaclar\u0131n\u0131z\u0131 anlamaq v\u0259 m\u00fc\u0259yy\u0259n etm\u0259k \u00fc\u00e7\u00fcn pulsuz 10 d\u0259qiq\u0259lik m\u0259sl\u0259h\u0259tl\u0259\u015fm\u0259 il\u0259 ba\u015flaya bil\u0259rik.<\/p>\n\n\n\n<p>Yana\u015fmam <strong>resurs y\u00f6n\u00fcml\u00fcd\u00fcr.<\/strong>M\u0259qs\u0259dl\u0259riniz\u0259 fokuslanaraq siz\u0259 m\u00f6vcud resurslardan istifad\u0259 etm\u0259y\u0259 v\u0259 m\u0259qs\u0259dl\u0259riniz\u0259 \u00e7atmaq \u00fc\u00e7\u00fcn add\u0131m-add\u0131m d\u0259yi\u015fiklikl\u0259ri h\u0259yata ke\u00e7irm\u0259y\u0259 k\u00f6m\u0259k ed\u0259c\u0259y\u0259m. Bu, \u015f\u0259xsi, ail\u0259, pe\u015f\u0259kar v\u0259 ya akademik probleml\u0259rinizi idar\u0259 etm\u0259k qabiliyy\u0259tinizi art\u0131racaq.<\/p>\n\n\n\n<p>N\u0259z\u0259r\u0259 al\u0131n ki, m\u0259sl\u0259h\u0259tl\u0259\u015fm\u0259 (counselling) faydal\u0131 ola bils\u0259 d\u0259, psixoterapiyadan f\u0259rqlidir. M\u0259qs\u0259dim siz\u0259 laz\u0131m olan yard\u0131m\u0131 h\u0259m t\u0259sirli, h\u0259m d\u0259 \u015f\u0259raitiniz \u00fc\u00e7\u00fcn idar\u0259 oluna bil\u0259n \u015f\u0259kild\u0259 alman\u0131z\u0131 t\u0259min etm\u0259kdir. <strong>Ona g\u00f6r\u0259 d\u0259, g\u00f6zl\u0259ntil\u0259rinizi uy\u011fun qoyun v\u0259 bu yana\u015fma il\u0259 rahat oldu\u011funuzdan \u0259min olun.<\/strong><\/p>","protected":false},"excerpt":{"rendered":"<p>Double Session &#8211; Counselling As I have been practicing, I have noticed that some people seek therapy for a single session to get quick emotional support or to address a specific problem in one meeting. This approach is not aligned with psychotherapy, which requires time and consistency to be effective. It can be challenging for [&hellip;]<\/p>","protected":false},"author":1,"featured_media":0,"parent":0,"menu_order":0,"comment_status":"closed","ping_status":"closed","template":"","meta":{"_uag_custom_page_level_css":"","footnotes":""},"class_list":["post-995","page","type-page","status-publish","hentry"],"aioseo_notices":[],"uagb_featured_image_src":{"full":false,"thumbnail":false,"medium":false,"medium_large":false,"large":false,"1536x1536":false,"2048x2048":false,"trp-custom-language-flag":false},"uagb_author_info":{"display_name":"sabinanazarova.psych@gmail.com","author_link":"https:\/\/sabinanazarova.com\/az\/author\/sabinanazarova-psychgmail-com\/"},"uagb_comment_info":0,"uagb_excerpt":"Double Session &#8211; Counselling As I have been practicing, I have noticed that some people seek therapy for a single session to get quick emotional support or to address a specific problem in one meeting. This approach is not aligned with psychotherapy, which requires time and consistency to be effective. It can be challenging for&hellip;","_links":{"self":[{"href":"https:\/\/sabinanazarova.com\/az\/wp-json\/wp\/v2\/pages\/995","targetHints":{"allow":["GET"]}}],"collection":[{"href":"https:\/\/sabinanazarova.com\/az\/wp-json\/wp\/v2\/pages"}],"about":[{"href":"https:\/\/sabinanazarova.com\/az\/wp-json\/wp\/v2\/types\/page"}],"author":[{"embeddable":true,"href":"https:\/\/sabinanazarova.com\/az\/wp-json\/wp\/v2\/users\/1"}],"replies":[{"embeddable":true,"href":"https:\/\/sabinanazarova.com\/az\/wp-json\/wp\/v2\/comments?post=995"}],"version-history":[{"count":5,"href":"https:\/\/sabinanazarova.com\/az\/wp-json\/wp\/v2\/pages\/995\/revisions"}],"predecessor-version":[{"id":1061,"href":"https:\/\/sabinanazarova.com\/az\/wp-json\/wp\/v2\/pages\/995\/revisions\/1061"}],"wp:attachment":[{"href":"https:\/\/sabinanazarova.com\/az\/wp-json\/wp\/v2\/media?parent=995"}],"curies":[{"name":"wp","href":"https:\/\/api.w.org\/{rel}","templated":true}]}}