{"id":982,"date":"2024-06-13T16:59:16","date_gmt":"2024-06-13T16:59:16","guid":{"rendered":"https:\/\/sabinanazarova.com\/?page_id=982"},"modified":"2025-03-28T14:51:40","modified_gmt":"2025-03-28T14:51:40","slug":"services","status":"publish","type":"page","link":"https:\/\/sabinanazarova.com\/az\/services\/","title":{"rendered":"Terapiya N\u00f6vl\u0259ri"},"content":{"rendered":"<div class=\"wp-block-uagb-advanced-heading uagb-block-afe6c045\"><h2 class=\"uagb-heading-text\">Z\u0259hm\u0259t olmasa seans vaxt\u0131 reserv etm\u0259zd\u0259n \u0259vv\u0259l xidm\u0259tl\u0259rimizl\u0259 tan\u0131\u015f olmaq \u00fc\u00e7\u00fcn bir d\u0259qiq\u0259nizi ay\u0131r\u0131n.<\/h2><\/div>\n\n\n\n<p><\/p>\n\n\n\n<div class=\"wp-block-columns alignwide is-layout-flex wp-container-core-columns-is-layout-1 wp-block-columns-is-layout-flex\" style=\"margin-bottom:0\">\n<div class=\"wp-block-column has-text-color has-background has-link-color wp-elements-73dfdc02f9ff680a8102a817f3bc5cfe is-layout-flow wp-block-column-is-layout-flow\" style=\"color:#000000;background-color:#ffe97d;padding-top:2em;padding-right:2em;padding-bottom:2em;padding-left:2em\">\n<h2 class=\"wp-block-heading\" id=\"single\" style=\"font-size:40px\"><strong>\u0130ndividual Terapiya<\/strong><\/h2>\n\n\n\n<p class=\"has-normal-font-size\" style=\"line-height:1.5\"><strong>Daha geni\u015f spektrli v\u0259 m\u00fcr\u0259kk\u0259b probleml\u0259ri m\u00fcalic\u0259 etm\u0259k \u00fc\u00e7\u00fcn f\u0259rdi psixoloji terapiya.<\/strong>.<\/p>\n\n\n\n<hr class=\"wp-block-separator has-text-color has-css-opacity has-background is-style-wide\" style=\"background-color:#000000;color:#000000\"\/>\n\n\n\n<ul class=\"wp-block-list has-normal-font-size\">\n<li>F\u0259rdin unikal ehtiyaclar\u0131na uy\u011funla\u015fd\u0131r\u0131lm\u0131\u015f t\u0259kb\u0259t\u0259k psixi sa\u011flaml\u0131q m\u00fcalic\u0259.<\/li>\n\n\n\n<li>Seans <strong>1 saat davam edir.<\/strong><\/li>\n\n\n\n<li>Terapevtik m\u0259qs\u0259dl\u0259r qoymaq, simptomlar\u0131 v\u0259 ya t\u0259tikl\u0259ri idar\u0259 etm\u0259yi \u00f6yr\u0259nm\u0259yi v\u0259 s. \u0259hat\u0259 edir.<\/li>\n<\/ul>\n\n\n\n<div class=\"wp-block-buttons alignfull is-horizontal is-content-justification-center is-layout-flex wp-container-core-buttons-is-layout-1 wp-block-buttons-is-layout-flex\">\n<div class=\"wp-block-button has-custom-width wp-block-button__width-100\"><a class=\"wp-block-button__link has-white-color has-text-color has-background wp-element-button\" style=\"border-radius:50px;background-color:#000000\">80 azn\/ seans ba\u015f\u0131<\/a><\/div>\n<\/div>\n<\/div>\n\n\n\n<div class=\"wp-block-column has-text-color has-background has-link-color wp-elements-f4f3f09fb870ad2ccb6c2f64bdfcc7ef is-layout-flow wp-block-column-is-layout-flow\" style=\"color:#000000;background-color:#d1d1e1;padding-top:2em;padding-right:2em;padding-bottom:2em;padding-left:2em\">\n<h2 class=\"wp-block-heading\" id=\"family\" style=\"font-size:40px\"><strong>C\u00fctl\u00fck Terapiyas\u0131<\/strong><\/h2>\n\n\n\n<p class=\"has-normal-font-size\" style=\"line-height:1.5\"><strong>C\u00fctl\u00fckl\u0259r \u00fc\u00e7\u00fcn x\u00fcsusi psixoloji d\u0259st\u0259k.<\/strong><\/p>\n\n\n\n<hr class=\"wp-block-separator has-css-opacity is-style-wide\"\/>\n\n\n\n<ul class=\"wp-block-list has-normal-font-size\">\n<li>F\u0259rdl\u0259rin bir-birl\u0259ri aras\u0131ndak\u0131 m\u00fcnasib\u0259t\u0259 t\u0259sir ed\u0259n probleml\u0259rl\u0259 m\u0259\u015f\u011ful olur.<\/li>\n\n\n\n<li>G\u00fccl\u00fc v\u0259 a\u011fr\u0131l\u0131 duy\u011fular\u0131n tam ifad\u0259 oluna v\u0259 q\u0259bul oluna bil\u0259c\u0259yi m\u00fchakim\u0259siz v\u0259 d\u0259st\u0259kl\u0259yici m\u0259kan.<\/li>\n\n\n\n<li>Seans <strong>Seans 90 d\u0259qiq\u0259 davam edir.<\/strong><\/li>\n<\/ul>\n\n\n\n<div class=\"wp-block-buttons alignfull is-horizontal is-content-justification-center is-layout-flex wp-container-core-buttons-is-layout-2 wp-block-buttons-is-layout-flex\">\n<div class=\"wp-block-button has-custom-width wp-block-button__width-100 is-style-fill\"><a class=\"wp-block-button__link has-white-color has-text-color has-background wp-element-button\" style=\"border-radius:50px;background-color:#000000\">160 azn\/ seans ba\u015f\u0131<\/a><\/div>\n<\/div>\n<\/div>\n\n\n\n<div class=\"wp-block-column has-text-color has-background has-link-color wp-elements-9edbe3ff13f3d5b39f815c41982e9e55 is-layout-flow wp-block-column-is-layout-flow\" style=\"color:#000000;background-color:#c0ebf1;padding-top:2em;padding-right:2em;padding-bottom:2em;padding-left:2em\">\n<h2 class=\"wp-block-heading\" id=\"patron\" style=\"font-size:40px\"><strong>R\u0259hb\u0259rlik<\/strong><\/h2>\n\n\n\n<p class=\"has-normal-font-size\"><strong>Uzunm\u00fcdd\u0259tli \u00f6hd\u0259likl\u0259r\u0259 ehtiyac olmadan tez v\u0259 effektiv h\u0259ll \u00fc\u00e7\u00fcn ard\u0131c\u0131l 2 seans.<\/strong><\/p>\n\n\n\n<hr class=\"wp-block-separator has-css-opacity is-style-wide\"\/>\n\n\n\n<ul class=\"wp-block-list has-normal-font-size\">\n<li>Aktual probleml\u0259r\u0259 qar\u015f\u0131 strategiyalar\u0131n v\u0259 h\u0259ll yollar\u0131n\u0131n i\u015fl\u0259nib haz\u0131rlanmas\u0131.<\/li>\n\n\n\n<li>M\u00f6vcud resurslardan istifad\u0259 etm\u0259y\u0259 v\u0259 qar\u015f\u0131ya qoyulmu\u015f m\u0259qs\u0259dl\u0259r\u0259 \u00e7atmaq \u00fc\u00e7\u00fcn add\u0131m-add\u0131m d\u0259yi\u015fiklikl\u0259rin h\u0259yata ke\u00e7irilm\u0259si.<\/li>\n\n\n\n<li>Seans <strong>Seans 2 saat davam edir.<\/strong>.<\/li>\n\n\n\n<li>Rezervasiya etm\u0259zd\u0259n \u0259vv\u0259l Psixoterapiya v\u0259 R\u0259hb\u0259rlik aras\u0131ndak\u0131 f\u0259rqi oxuyun.<\/li>\n<\/ul>\n\n\n\n<div class=\"wp-block-buttons alignfull is-horizontal is-content-justification-center is-layout-flex wp-container-core-buttons-is-layout-3 wp-block-buttons-is-layout-flex\">\n<div class=\"wp-block-button has-custom-width wp-block-button__width-100\"><a class=\"wp-block-button__link has-white-color has-text-color has-background wp-element-button\" style=\"border-radius:50px;background-color:#000000\">160 azn<\/a><\/div>\n<\/div>\n<\/div>\n<\/div>\n\n\n\n<div class=\"wp-block-uagb-modal uagb-block-ab61cec8 uagb-modal-wrapper\" data-escpress=\"enable\" data-overlayclick=\"disable\"><div class=\"uagb-spectra-button-wrapper wp-block-button\"><a class=\"uagb-modal-button-link wp-block-button__link uagb-modal-trigger\" href=\"#\" onclick=\"return false;\" target=\"_self\" rel=\"noopener noreferrer\"><span class=\"uagb-modal-content-wrapper\"><span class=\"uagb-inline-editing\">Contact<\/span><\/span><\/a><\/div><div class=\"uagb-effect-default uagb-modal-popup uagb-block-ab61cec8 uagb-modal-type-undefined\"><div class=\"uagb-modal-popup-wrap\"><div class=\"uagb-modal-popup-content\">\n<div class=\"wp-block-uagb-info-box uagb-block-e3e366b5 uagb-infobox__content-wrap  uagb-infobox-icon-above-title uagb-infobox-image-valign-top\"><div class=\"uagb-ifb-content\"><div class=\"uagb-ifb-icon-wrap\"><svg xmlns=\"https:\/\/www.w3.org\/2000\/svg\" viewbox=\"0 0 448 512\"><path d=\"M380.9 97.1C339 55.1 283.2 32 223.9 32c-122.4 0-222 99.6-222 222 0 39.1 10.2 77.3 29.6 111L0 480l117.7-30.9c32.4 17.7 68.9 27 106.1 27h.1c122.3 0 224.1-99.6 224.1-222 0-59.3-25.2-115-67.1-157zm-157 341.6c-33.2 0-65.7-8.9-94-25.7l-6.7-4-69.8 18.3L72 359.2l-4.4-7c-18.5-29.4-28.2-63.3-28.2-98.2 0-101.7 82.8-184.5 184.6-184.5 49.3 0 95.6 19.2 130.4 54.1 34.8 34.9 56.2 81.2 56.1 130.5 0 101.8-84.9 184.6-186.6 184.6zm101.2-138.2c-5.5-2.8-32.8-16.2-37.9-18-5.1-1.9-8.8-2.8-12.5 2.8-3.7 5.6-14.3 18-17.6 21.8-3.2 3.7-6.5 4.2-12 1.4-32.6-16.3-54-29.1-75.5-66-5.7-9.8 5.7-9.1 16.3-30.3 1.8-3.7 .9-6.9-.5-9.7-1.4-2.8-12.5-30.1-17.1-41.2-4.5-10.8-9.1-9.3-12.5-9.5-3.2-.2-6.9-.2-10.6-.2-3.7 0-9.7 1.4-14.8 6.9-5.1 5.6-19.4 19-19.4 46.3 0 27.3 19.9 53.7 22.6 57.4 2.8 3.7 39.1 59.7 94.8 83.8 35.2 15.2 49 16.5 66.6 13.9 10.7-1.6 32.8-13.4 37.4-26.4 4.6-13 4.6-24.1 3.2-26.4-1.3-2.5-5-3.9-10.5-6.6z\"><\/path><\/svg><\/div><div class=\"uagb-ifb-title-wrap\"><h3 class=\"uagb-ifb-title\">+994 51 378 57 51<\/h3><\/div><p class=\"uagb-ifb-desc\">Contact me through WhatsApp to book an available timeslot<\/p><div class=\"uagb-ifb-button-wrapper wp-block-button\"><a href=\"#\" class=\"uagb-infobox-cta-link wp-block-button__link\" target=\"_self\" rel=\"noopener noreferrer\" onclick=\"return false;\"><span class=\"uagb-inline-editing\">Contact<\/span><\/a><\/div><\/div><\/div>\n<\/div><button class=\"uagb-modal-popup-close\" aria-label=\"Close Modal\"><svg xmlns=\"https:\/\/www.w3.org\/2000\/svg\" viewbox=\"0 0 320 512\"><path d=\"M310.6 361.4c12.5 12.5 12.5 32.75 0 45.25C304.4 412.9 296.2 416 288 416s-16.38-3.125-22.62-9.375L160 301.3L54.63 406.6C48.38 412.9 40.19 416 32 416S15.63 412.9 9.375 406.6c-12.5-12.5-12.5-32.75 0-45.25l105.4-105.4L9.375 150.6c-12.5-12.5-12.5-32.75 0-45.25s32.75-12.5 45.25 0L160 210.8l105.4-105.4c12.5-12.5 32.75-12.5 45.25 0s12.5 32.75 0 45.25l-105.4 105.4L310.6 361.4z\"><\/path><\/svg><\/button><\/div><\/div><\/div>\n\n\n\n<p><\/p>","protected":false},"excerpt":{"rendered":"<p>Please take a moment to familiarize yourself with our range of services before booking a session. Individual Therapy A psychological treatment to treat a broader range of issues and more complex problems. Couple Therapy A psychological treatment specifically for partners of couples who have relational problems. Counselling Therapy A double session for quick and effective [&hellip;]<\/p>","protected":false},"author":1,"featured_media":0,"parent":0,"menu_order":0,"comment_status":"closed","ping_status":"closed","template":"","meta":{"_uag_custom_page_level_css":"","footnotes":""},"class_list":["post-982","page","type-page","status-publish","hentry"],"aioseo_notices":[],"uagb_featured_image_src":{"full":false,"thumbnail":false,"medium":false,"medium_large":false,"large":false,"1536x1536":false,"2048x2048":false,"trp-custom-language-flag":false},"uagb_author_info":{"display_name":"sabinanazarova.psych@gmail.com","author_link":"https:\/\/sabinanazarova.com\/az\/author\/sabinanazarova-psychgmail-com\/"},"uagb_comment_info":0,"uagb_excerpt":"Please take a moment to familiarize yourself with our range of services before booking a session. Individual Therapy A psychological treatment to treat a broader range of issues and more complex problems. Couple Therapy A psychological treatment specifically for partners of couples who have relational problems. Counselling Therapy A double session for quick and effective&hellip;","_links":{"self":[{"href":"https:\/\/sabinanazarova.com\/az\/wp-json\/wp\/v2\/pages\/982","targetHints":{"allow":["GET"]}}],"collection":[{"href":"https:\/\/sabinanazarova.com\/az\/wp-json\/wp\/v2\/pages"}],"about":[{"href":"https:\/\/sabinanazarova.com\/az\/wp-json\/wp\/v2\/types\/page"}],"author":[{"embeddable":true,"href":"https:\/\/sabinanazarova.com\/az\/wp-json\/wp\/v2\/users\/1"}],"replies":[{"embeddable":true,"href":"https:\/\/sabinanazarova.com\/az\/wp-json\/wp\/v2\/comments?post=982"}],"version-history":[{"count":7,"href":"https:\/\/sabinanazarova.com\/az\/wp-json\/wp\/v2\/pages\/982\/revisions"}],"predecessor-version":[{"id":1214,"href":"https:\/\/sabinanazarova.com\/az\/wp-json\/wp\/v2\/pages\/982\/revisions\/1214"}],"wp:attachment":[{"href":"https:\/\/sabinanazarova.com\/az\/wp-json\/wp\/v2\/media?parent=982"}],"curies":[{"name":"wp","href":"https:\/\/api.w.org\/{rel}","templated":true}]}}