{"id":977,"date":"2024-06-13T11:23:30","date_gmt":"2024-06-13T11:23:30","guid":{"rendered":"https:\/\/sabinanazarova.com\/?page_id=977"},"modified":"2024-09-29T19:25:03","modified_gmt":"2024-09-29T19:25:03","slug":"977-2","status":"publish","type":"page","link":"https:\/\/sabinanazarova.com\/az\/977-2\/","title":{"rendered":"Terapiya M\u00fcqavil\u0259si"},"content":{"rendered":"<div class=\"wp-block-uagb-advanced-heading uagb-block-0bc3f839\"><h2 class=\"uagb-heading-text\">Terapiya M\u00fcqavil\u0259si<\/h2><\/div>\n\n\n\n<p>Sabina Nazarova<\/p>\n\n\n\n<p><strong>1. Giri\u015f<\/strong><\/p>\n\n\n\n<p>M\u00fcqavil\u0259 yana\u015fmam\u0131 v\u0259 nec\u0259 i\u015fl\u0259diyimi siz\u0259 t\u0259qdim etm\u0259k \u00fc\u00e7\u00fcnd\u00fcr. M\u00fcqavil\u0259 il\u0259 raz\u0131la\u015fmaq qeydiyyatdan ke\u00e7m\u0259k \u00fc\u00e7\u00fcn \u0259sas \u015f\u0259rtdir.<\/p>\n\n\n\n<p><strong>2. R\u0259hb\u0259rlik<\/strong><\/p>\n\n\n\n<p>X\u00fcsusi m\u0259qs\u0259dl\u0259r v\u0259 m\u00fcalic\u0259 planlar\u0131 ilkin seanslar zaman\u0131 birg\u0259 qurulacaq v\u0259 terapiya ir\u0259lil\u0259dikc\u0259 d\u00fcz\u0259li\u015fl\u0259r edil\u0259 bil\u0259r.<\/p>\n\n\n\n<p><strong>3. Qiym\u0259tl\u0259ndirm\u0259<\/strong><\/p>\n\n\n\n<p>Terapiya prosesi cari narahatl\u0131qlar\u0131n\u0131z\u0131, \u015f\u0259xsi tarix\u00e7\u0259nizi v\u0259 terapiya h\u0259d\u0259fl\u0259rinizi ara\u015fd\u0131raca\u011f\u0131m\u0131z qiym\u0259tl\u0259ndirm\u0259 m\u0259rh\u0259l\u0259si il\u0259 ba\u015flayacaq.<\/p>\n\n\n\n<p><strong>4. Terapevtik H\u0259d\u0259fl\u0259r<\/strong><\/p>\n\n\n\n<p>\u0130stiqam\u0259tl\u0259nm\u0259 \u00fc\u00e7\u00fcn terapevtik m\u0259qs\u0259dl\u0259rin m\u00fc\u0259yy\u0259n edilm\u0259si vacibdir. Bu m\u0259qs\u0259dl\u0259ri m\u00fct\u0259madi olaraq n\u0259z\u0259rd\u0259n ke\u00e7irib onlar\u0131n m\u00fcvafiq v\u0259 \u0259ld\u0259 edil\u0259 bil\u0259n qalmas\u0131n\u0131 t\u0259min ed\u0259c\u0259yik.<\/p>\n\n\n\n<p><strong>5. Konfidensiall\u0131q<\/strong><\/p>\n\n\n\n<p>Seansda payla\u015f\u0131lan b\u00fct\u00fcn informasiyalar konfidensiald\u0131r.<\/p>\n\n\n\n<p><strong>6. Sessiya strukturu<\/strong><\/p>\n\n\n\n<ul class=\"wp-block-list\">\n<li><strong>M\u00fcdd\u0259t<\/strong>: F\u0259rdi sessiya - 60 d\u0259qiq\u0259. C\u00fctl\u00fck sessiyas\u0131 - 90 d\u0259qiq\u0259.<\/li>\n\n\n\n<li><strong>Tezlik:<\/strong>VAC\u0130B - Sessiyalar istisnalar xaric h\u0259ft\u0259d\u0259 bir d\u0259f\u0259 olur.<\/li>\n<\/ul>\n\n\n\n<p><strong>7. \u00d6d\u0259ni\u015f<\/strong><\/p>\n\n\n\n<ul class=\"wp-block-list\">\n<li><strong>\u00d6d\u0259m\u0259 Qaydas\u0131<\/strong>: Sessiyan\u0131 t\u0259sdiql\u0259m\u0259k \u00fc\u00e7\u00fcn \u00f6d\u0259ni\u015f \u00f6nc\u0259d\u0259n onlayn \u015f\u0259kild\u0259 \u00f6d\u0259nir.<\/li>\n<\/ul>\n\n\n\n<p><strong>8. Seanslarda Davaml\u0131l\u0131q<\/strong><\/p>\n\n\n\n<p>Seanslar\u0131n planla\u015fd\u0131r\u0131lmas\u0131nda ard\u0131c\u0131ll\u0131q terapiyan\u0131n effektivliyi \u00fc\u00e7\u00fcn \u00e7ox vacibdir. Terapiya seanslar\u0131n\u0131z \u00fc\u00e7\u00fcn h\u0259r h\u0259ft\u0259 sizin \u00fc\u00e7\u00fcn ayr\u0131lacaq ard\u0131c\u0131l vaxt interval\u0131 yaratmaq \u00fc\u00e7\u00fcn birlikd\u0259 \u00e7al\u0131\u015faca\u011f\u0131q.<\/p>\n\n\n\n<p><strong>9. Terapiyan\u0131 Bitirm\u0259k<\/strong><\/p>\n\n\n\n<p>Terapiya raz\u0131la\u015fd\u0131r\u0131lm\u0131\u015f m\u0259qs\u0259dl\u0259r\u0259 \u00e7atmaq istiqam\u0259tind\u0259 ir\u0259lil\u0259yir. M\u0259qs\u0259dl\u0259r\u0259 \u00e7atd\u0131qca terapiya t\u0259bii olaraq yekunla\u015f\u0131r. Tipik olaraq f\u0259rd t\u0259r\u0259qqi v\u0259 artan \u00f6z\u00fcn\u0259 inam n\u00fcmayi\u015f etdirdikc\u0259, terapevtl\u0259r seans tezliyini t\u0259dric\u0259n azald\u0131r.<\/p>\n\n\n\n<p>Terapiya t\u0259dric\u0259n sonland\u0131r\u0131l\u0131r.<\/p>\n\n\n\n<p><strong>10. Terapiya M\u00fcqavil\u0259sini L\u0259\u011fv Etm\u0259k<\/strong><\/p>\n\n\n\n<p>F\u0259rd v\u0259 ya Terapevt ist\u0259nil\u0259n vaxt terapiyan\u0131 dayand\u0131ra bil\u0259r. H\u0259r bir halda bu q\u0259rar\u0131 sessiya zaman\u0131 m\u00fczakir\u0259 etm\u0259k t\u00f6vsiy\u0259 olunur.<\/p>\n\n\n\n<p><\/p>","protected":false},"excerpt":{"rendered":"<p>Therapy Agreement By Sabina Nazarova 1. Introduction The following is an agreement between you, the client, and me, your therapist, for therapeutic work. It provides an outline of how I work so that you are fully informed. Please take some time to read through it and please raise with me any concerns you have about [&hellip;]<\/p>","protected":false},"author":1,"featured_media":0,"parent":0,"menu_order":0,"comment_status":"closed","ping_status":"closed","template":"","meta":{"_uag_custom_page_level_css":"","footnotes":""},"class_list":["post-977","page","type-page","status-publish","hentry"],"aioseo_notices":[],"uagb_featured_image_src":{"full":false,"thumbnail":false,"medium":false,"medium_large":false,"large":false,"1536x1536":false,"2048x2048":false,"trp-custom-language-flag":false},"uagb_author_info":{"display_name":"sabinanazarova.psych@gmail.com","author_link":"https:\/\/sabinanazarova.com\/az\/author\/sabinanazarova-psychgmail-com\/"},"uagb_comment_info":0,"uagb_excerpt":"Therapy Agreement By Sabina Nazarova 1. Introduction The following is an agreement between you, the client, and me, your therapist, for therapeutic work. It provides an outline of how I work so that you are fully informed. Please take some time to read through it and please raise with me any concerns you have about&hellip;","_links":{"self":[{"href":"https:\/\/sabinanazarova.com\/az\/wp-json\/wp\/v2\/pages\/977","targetHints":{"allow":["GET"]}}],"collection":[{"href":"https:\/\/sabinanazarova.com\/az\/wp-json\/wp\/v2\/pages"}],"about":[{"href":"https:\/\/sabinanazarova.com\/az\/wp-json\/wp\/v2\/types\/page"}],"author":[{"embeddable":true,"href":"https:\/\/sabinanazarova.com\/az\/wp-json\/wp\/v2\/users\/1"}],"replies":[{"embeddable":true,"href":"https:\/\/sabinanazarova.com\/az\/wp-json\/wp\/v2\/comments?post=977"}],"version-history":[{"count":7,"href":"https:\/\/sabinanazarova.com\/az\/wp-json\/wp\/v2\/pages\/977\/revisions"}],"predecessor-version":[{"id":1075,"href":"https:\/\/sabinanazarova.com\/az\/wp-json\/wp\/v2\/pages\/977\/revisions\/1075"}],"wp:attachment":[{"href":"https:\/\/sabinanazarova.com\/az\/wp-json\/wp\/v2\/media?parent=977"}],"curies":[{"name":"wp","href":"https:\/\/api.w.org\/{rel}","templated":true}]}}