{"id":949,"date":"2024-06-10T20:56:30","date_gmt":"2024-06-10T20:56:30","guid":{"rendered":"https:\/\/sabinanazarova.com\/?page_id=949"},"modified":"2026-03-25T12:09:47","modified_gmt":"2026-03-25T12:09:47","slug":"home","status":"publish","type":"page","link":"https:\/\/sabinanazarova.com\/az\/","title":{"rendered":"Home"},"content":{"rendered":"<div class=\"wp-block-group alignfull has-global-padding is-layout-constrained wp-block-group-is-layout-constrained\" style=\"margin-top:0;margin-bottom:0\">\n<div class=\"wp-block-cover alignfull is-light has-parallax\" style=\"padding-top:0;padding-right:0;padding-bottom:0;padding-left:0;min-height:740px;aspect-ratio:unset;\"><span aria-hidden=\"true\" class=\"wp-block-cover__background has-background-dim-20 has-background-dim wp-block-cover__gradient-background has-background-gradient has-yellow-to-red-gradient-background\"><\/span><div class=\"wp-block-cover__image-background wp-image-944 has-parallax\" style=\"background-position:50% 50%;background-image:url(https:\/\/sabinanazarova.com\/wp-content\/uploads\/2024\/06\/forwebsite-2.jpeg)\"><\/div><div class=\"wp-block-cover__inner-container is-layout-flow wp-block-cover-is-layout-flow\">\n<div class=\"wp-block-group has-global-padding is-layout-constrained wp-block-group-is-layout-constrained\">\n<div style=\"height:55px\" aria-hidden=\"true\" class=\"wp-block-spacer\"><\/div>\n\n\n\n<div class=\"wp-block-columns are-vertically-aligned-center has-background is-layout-flex wp-container-core-columns-is-layout-1 wp-block-columns-is-layout-flex\" style=\"border-radius:100px;background-color:#ffffff91;margin-top:0;margin-bottom:0\">\n<div class=\"wp-block-column is-vertically-aligned-center is-layout-flow wp-block-column-is-layout-flow\" style=\"flex-basis:50%\">\n<div class=\"wp-block-uagb-image aligncenter uagb-block-d3d25c03 wp-block-uagb-image--layout-default wp-block-uagb-image--effect-static wp-block-uagb-image--align-center is-style-rounded\"><figure class=\"wp-block-uagb-image__figure\"><img decoding=\"async\" srcset=\"https:\/\/sabinanazarova.com\/wp-content\/uploads\/2024\/06\/website-300x300.jpeg ,https:\/\/sabinanazarova.com\/wp-content\/uploads\/2024\/06\/website.jpeg 780w, https:\/\/sabinanazarova.com\/wp-content\/uploads\/2024\/06\/website.jpeg 360w\" sizes=\"auto, (max-width: 480px) 150px\" src=\"https:\/\/sabinanazarova.com\/wp-content\/uploads\/2024\/06\/website-300x300.jpeg\" alt=\"\" class=\"uag-image-956\" width=\"280\" height=\"280\" title=\"website\" loading=\"lazy\" role=\"img\"\/><\/figure><\/div>\n<\/div>\n\n\n\n<div class=\"wp-block-column is-vertically-aligned-center is-layout-flow wp-block-column-is-layout-flow\" style=\"border-style:none;border-width:0px;padding-top:var(--wp--preset--spacing--10);padding-right:var(--wp--preset--spacing--30);padding-bottom:var(--wp--preset--spacing--10);padding-left:var(--wp--preset--spacing--10);flex-basis:60%\">\n<p class=\"has-serif-font-family has-x-large-font-size\" style=\"padding-top:var(--wp--preset--spacing--10);padding-bottom:var(--wp--preset--spacing--10);line-height:1.2\">Salam, M\u0259n Sabina Nazarova<\/p>\n\n\n\n<p class=\"wp-container-content-1\">\u00c7ox vaxt f\u0259rdl\u0259r m\u00fchakim\u0259 edilm\u0259 qorxusuna v\u0259 ya m\u00fcbariz\u0259l\u0259rinin kifay\u0259t q\u0259d\u0259r \u0259h\u0259miyy\u0259tli olmad\u0131\u011f\u0131na inand\u0131qlar\u0131na g\u00f6r\u0259 terapiya almaqdan \u00e7\u0259kinir. H\u0259d\u0259fim bu yanl\u0131\u015f t\u0259s\u0259vv\u00fcrl\u0259ri aradan qald\u0131rmaq v\u0259 psixi sa\u011flaml\u0131q xidm\u0259tinin \u0259h\u0259miyy\u0259tini n\u00fcmayi\u015f etdirm\u0259kdir.<\/p>\n\n\n\n<div class=\"wp-block-buttons is-layout-flex wp-block-buttons-is-layout-flex\" style=\"margin-top:var(--wp--preset--spacing--20);margin-bottom:var(--wp--preset--spacing--20)\">\n<div class=\"wp-block-button\"><a class=\"wp-block-button__link has-base-color has-dark-gray-background-color has-text-color has-background has-link-color wp-element-button\" href=\"https:\/\/sabinanazarova.com\/az\/1004-2\/\" style=\"border-radius:100px;padding-top:var(--wp--preset--spacing--10);padding-bottom:var(--wp--preset--spacing--10)\">Daha \u0259trafl\u0131<\/a><\/div>\n<\/div>\n<\/div>\n<\/div>\n\n\n\n<div class=\"wp-block-columns has-background is-layout-flex wp-container-core-columns-is-layout-2 wp-block-columns-is-layout-flex\" style=\"border-radius:100px;background-color:#ffffff91\">\n<div class=\"wp-block-column is-layout-flow wp-block-column-is-layout-flow\">\n<h3 class=\"wp-block-heading has-text-align-center has-dark-gray-color has-text-color has-link-color has-x-large-font-size wp-elements-006f412c8316787284695d8ee1c931f6\" style=\"margin-top:var(--wp--preset--spacing--20);margin-right:var(--wp--preset--spacing--10);margin-bottom:0;margin-left:var(--wp--preset--spacing--10)\">\u00d6z\u0259l Psixoterapiya R\u0259hb\u0259rliyim\u0259 <br>Xo\u015f G\u0259lmisiniz<\/h3>\n\n\n\n<h3 class=\"wp-block-heading has-text-align-center has-big-font-size\" style=\"padding-top:var(--wp--preset--spacing--10);padding-bottom:var(--wp--preset--spacing--10)\">Bak\u0131da v\u0259 Onlayn M\u00fchitd\u0259<\/h3>\n\n\n\n<div class=\"wp-block-buttons is-content-justification-center is-layout-flex wp-container-core-buttons-is-layout-2 wp-block-buttons-is-layout-flex\" style=\"margin-top:var(--wp--preset--spacing--20);margin-bottom:var(--wp--preset--spacing--20)\">\n<div class=\"wp-block-button is-style-fill\"><a class=\"wp-block-button__link has-base-color has-dark-gray-background-color has-text-color has-background has-link-color wp-element-button\" href=\"https:\/\/sabinanazarova.com\/az\/about-sabina-nazarova\/\" style=\"border-radius:24px\">Haqq\u0131mda<\/a><\/div>\n\n\n\n<div class=\"wp-block-button is-style-bk-button-secondary is-style-fill\"><a class=\"wp-block-button__link has-base-color has-dark-gray-background-color has-text-color has-background has-link-color wp-element-button\" href=\"https:\/\/sabinanazarova.com\/az\/services\/\" style=\"border-radius:100px\">Terapiya \u00fc\u00e7\u00fcn Qeydiyyat<\/a><\/div>\n<\/div>\n<\/div>\n<\/div>\n\n\n\n<div class=\"wp-block-column is-layout-flow wp-container-core-column-is-layout-4 wp-block-column-is-layout-flow\" style=\"padding-top:0;flex-basis:100%\"><\/div>\n\n\n\n<div style=\"height:20px\" aria-hidden=\"true\" class=\"wp-block-spacer\"><\/div>\n<\/div>\n<\/div><\/div>\n<\/div>\n\n\n\n<div class=\"wp-block-group alignfull has-accent-background-color has-background has-global-padding is-layout-constrained wp-container-core-group-is-layout-3 wp-block-group-is-layout-constrained\" style=\"margin-top:0;margin-bottom:0;padding-top:var(--wp--preset--spacing--50);padding-right:var(--wp--preset--spacing--50);padding-bottom:var(--wp--preset--spacing--50);padding-left:var(--wp--preset--spacing--50)\"><\/div>\n\n\n\n<div class=\"wp-block-group alignfull has-global-padding is-layout-constrained wp-container-core-group-is-layout-5 wp-block-group-is-layout-constrained\" style=\"margin-top:0;margin-bottom:0;padding-top:var(--wp--preset--spacing--50);padding-right:var(--wp--preset--spacing--50);padding-bottom:var(--wp--preset--spacing--50);padding-left:var(--wp--preset--spacing--50)\">\n<h2 class=\"wp-block-heading alignwide\" style=\"font-size:6.2rem;font-weight:400\">\u018fn \u00c7ox Veril\u0259n Suallar<\/h2>\n\n\n\n<div class=\"wp-block-group alignwide is-layout-flow wp-block-group-is-layout-flow\">\n<details class=\"wp-block-details is-style-arrow-icon-details has-serif-font-family has-big-font-size is-layout-flow wp-block-details-is-layout-flow\" style=\"border-top-style:none;border-top-width:0px;border-right-style:none;border-right-width:0px;border-bottom-color:var(--wp--preset--color--gray);border-bottom-style:solid;border-bottom-width:1px;border-left-style:none;border-left-width:0px;margin-top:0;margin-bottom:var(--wp--preset--spacing--30);padding-bottom:var(--wp--preset--spacing--30)\" open><summary>Psixoterapiya n\u0259dir?<\/summary>\n<p class=\"has-contrast-1-color has-text-color has-link-color has-sans-serif-font-family has-small-font-size wp-elements-882007f295cc7d0b2ec00182145fde7d\">Psixoterapiya psixi sa\u011flaml\u0131\u011f\u0131 v\u0259 emosional rifah\u0131 yax\u015f\u0131la\u015fd\u0131rmaq m\u0259qs\u0259di da\u015f\u0131yan terapevt v\u0259 f\u0259rd aras\u0131nda birg\u0259 prosesdir. M\u00fcxt\u0259lif terapevtik \u00fcsullar v\u0259 yana\u015fmalar vasit\u0259sil\u0259 psixoterapiya f\u0259rdl\u0259r\u0259 psixoloji probleml\u0259ri h\u0259ll etm\u0259y\u0259, simptomlar\u0131 idar\u0259 etm\u0259y\u0259 v\u0259 h\u0259yat\u0131n \u00e7\u0259tinlikl\u0259rinin \u00f6hd\u0259sind\u0259n g\u0259lm\u0259k \u00fc\u00e7\u00fcn f\u0259rd\u0259 uy\u011fun strategiyalar haz\u0131rlama\u011fa k\u00f6m\u0259k edir.<\/p>\n<\/details>\n\n\n\n<details class=\"wp-block-details is-style-arrow-icon-details has-serif-font-family has-big-font-size is-layout-flow wp-block-details-is-layout-flow\" style=\"border-top-style:none;border-top-width:0px;border-right-style:none;border-right-width:0px;border-bottom-color:var(--wp--preset--color--gray);border-bottom-style:solid;border-bottom-width:1px;border-left-style:none;border-left-width:0px;margin-top:0;margin-bottom:var(--wp--preset--spacing--30);padding-bottom:var(--wp--preset--spacing--30)\"><summary>Terapiya seanslar\u0131 konfidensiald\u0131r?<\/summary>\n<p class=\"has-contrast-1-color has-text-color has-link-color has-sans-serif-font-family has-small-font-size wp-elements-3027ed757892d968df9638d12e3a0b43\">B\u0259li, b\u00fct\u00fcn terapiya seanslar\u0131 m\u0259xfidir. M\u0259xfiliyiniz son d\u0259r\u0259c\u0259 vacibdir.<\/p>\n<\/details>\n\n\n\n<details class=\"wp-block-details is-style-arrow-icon-details has-serif-font-family has-big-font-size is-layout-flow wp-block-details-is-layout-flow\" style=\"border-top-style:none;border-top-width:0px;border-right-style:none;border-right-width:0px;border-bottom-color:var(--wp--preset--color--gray);border-bottom-style:solid;border-bottom-width:1px;border-left-style:none;border-left-width:0px;margin-top:0;margin-bottom:var(--wp--preset--spacing--30);padding-bottom:var(--wp--preset--spacing--30)\"><summary>Terapiya m\u00fcqavil\u0259niz var m\u0131?<\/summary>\n<p class=\"has-contrast-1-color has-text-color has-link-color has-sans-serif-font-family has-small-font-size wp-elements-6ddcc5e803cae6192abff07cf5faa688\">B\u0259li, bizim birg\u0259 terapevtik i\u015fimizin \u015f\u0259rtl\u0259rini v\u0259 \u015f\u0259rtl\u0259rini \u0259ks etdir\u0259n terapiya m\u00fcqavil\u0259si var. Bu s\u0259hif\u0259y\u0259 daxil olaraq terapiya m\u00fcqavil\u0259sini n\u0259z\u0259rd\u0259n ke\u00e7ir\u0259 v\u0259 \u0259ld\u0259 ed\u0259 bil\u0259rsiniz. <\/p>\n<\/details>\n\n\n\n<details class=\"wp-block-details is-style-arrow-icon-details has-serif-font-family has-big-font-size is-layout-flow wp-block-details-is-layout-flow\" style=\"border-top-style:none;border-top-width:0px;border-right-style:none;border-right-width:0px;border-bottom-color:var(--wp--preset--color--gray);border-bottom-style:solid;border-bottom-width:1px;border-left-style:none;border-left-width:0px;margin-top:0;margin-bottom:var(--wp--preset--spacing--30);padding-bottom:var(--wp--preset--spacing--30)\"><summary>Terapiya \u00fc\u00e7\u00fcn nec\u0259 qeydiyyatdan ke\u00e7\u0259 bil\u0259r\u0259m?<\/summary>\n<p class=\"has-contrast-1-color has-text-color has-link-color has-sans-serif-font-family has-small-font-size wp-elements-6570619f45ef009583671f1b6f7c483f\">Z\u0259hm\u0259t olmasa vebsayt\u0131m\u0131z\u0131n Sessiya Rezervasiyas\u0131 b\u00f6lm\u0259sin\u0259 daxil olun v\u0259 t\u0259limatlara \u0259m\u0259l edin.<\/p>\n<\/details>\n\n\n\n<details class=\"wp-block-details is-style-arrow-icon-details has-serif-font-family has-big-font-size is-layout-flow wp-block-details-is-layout-flow\" style=\"border-top-style:none;border-top-width:0px;border-right-style:none;border-right-width:0px;border-bottom-color:var(--wp--preset--color--gray);border-bottom-style:solid;border-bottom-width:1px;border-left-style:none;border-left-width:0px;margin-top:0;margin-bottom:var(--wp--preset--spacing--30);padding-bottom:var(--wp--preset--spacing--30)\"><summary>N\u0259 \u00fc\u00e7\u00fcn l\u0259\u011fvetm\u0259 siyas\u0259ti laz\u0131md\u0131r?<\/summary>\n<p class=\"has-contrast-1-color has-text-color has-link-color has-sans-serif-font-family has-small-font-size wp-elements-5184bcb236ad78ed8b17417ba27c2045\">L\u0259\u011fv etm\u0259 siyas\u0259ti terapiya seanslar\u0131n\u0131n d\u00fczg\u00fcn i\u015fl\u0259m\u0259sini t\u0259min etm\u0259k v\u0259 h\u0259m terapevtin, h\u0259m d\u0259 f\u0259rdin vaxt\u0131na h\u00f6rm\u0259t etm\u0259k \u00fc\u00e7\u00fcn vacibdir.<\/p>\n<\/details>\n\n\n\n<details class=\"wp-block-details is-style-arrow-icon-details has-serif-font-family has-big-font-size is-layout-flow wp-block-details-is-layout-flow\" style=\"border-top-style:none;border-top-width:0px;border-right-style:none;border-right-width:0px;border-bottom-color:var(--wp--preset--color--gray);border-bottom-style:solid;border-bottom-width:1px;border-left-style:none;border-left-width:0px;margin-top:0;margin-bottom:var(--wp--preset--spacing--30);padding-bottom:var(--wp--preset--spacing--30)\"><summary>T\u0259cr\u00fcb\u0259niz n\u0259dir?<\/summary>\n<p class=\"has-contrast-1-color has-text-color has-link-color has-sans-serif-font-family has-small-font-size wp-elements-360b2c9bedc1db578c9b3b7f22b2600e\">2020-ci ild\u0259n b\u0259ri psixi sa\u011flaml\u0131q layih\u0259l\u0259ri il\u0259 f\u0259al m\u0259\u015f\u011ful oluram v\u0259 psixi sa\u011flaml\u0131q d\u0259st\u0259yi verir\u0259m. 2023-c\u00fc ild\u0259 f\u0259rdl\u0259rin \u00f6zl\u0259rini t\u0259hl\u00fck\u0259siz hiss ed\u0259 v\u0259 onlar\u0131n terapiya prosesind\u0259 f\u0259al rol oynaya bil\u0259c\u0259yi terapevtik m\u0259kan\u0131 inki\u015faf etdir\u0259r\u0259k m\u00fcst\u0259qil i\u015fl\u0259m\u0259y\u0259 ke\u00e7dim. Litvan\u0131n Mykolas Romeris Universitetind\u0259 Psixologiya \u00fczr\u0259 Elm Bakalavr d\u0259r\u0259c\u0259si alm\u0131\u015fam v\u0259 1 il \u0130spaniyan\u0131n Valensiya v\u0259 Almaniyan\u0131n Mannheim Universitetind\u0259 t\u0259hsil alm\u0131\u015fam. Bundan \u0259lav\u0259, t\u0259hsil boyu v\u0259 sonras\u0131nda Avropan\u0131n m\u00fcxt\u0259lif universitet v\u0259 institutlar\u0131, T\u00fcrkiy\u0259 v\u0259 \u0130ngilt\u0259r\u0259d\u0259 m\u00fcxt\u0259lif trainql\u0259r, kurslar v\u0259 praktika ke\u00e7mi\u015f\u0259m. H\u0259m\u00e7inin, Az\u0259rbaycanda Bak\u0131 Slavyan Universitetind\u0259 \u0130ngilis dili \u00fczr\u0259 Bakalavr\u0131na sahib\u0259m.<\/p>\n<\/details>\n\n\n\n<details class=\"wp-block-details is-style-arrow-icon-details has-serif-font-family has-big-font-size is-layout-flow wp-block-details-is-layout-flow\" style=\"border-top-style:none;border-top-width:0px;border-right-style:none;border-right-width:0px;border-bottom-color:var(--wp--preset--color--gray);border-bottom-style:solid;border-bottom-width:1px;border-left-style:none;border-left-width:0px;margin-top:0;margin-bottom:var(--wp--preset--spacing--30);padding-bottom:var(--wp--preset--spacing--30)\"><summary>Terapiyada hans\u0131 \u00fcsuldan istifad\u0259 edirsiniz? <\/summary>\n<p class=\"has-contrast-1-color has-text-color has-link-color has-sans-serif-font-family has-small-font-size wp-elements-3e7a06ab9dc82f25b584e497d74264bc\">Terapevtik t\u0259cr\u00fcb\u0259m ilk n\u00f6vb\u0259d\u0259 emosional t\u0259nziml\u0259m\u0259y\u0259 x\u00fcsusi diqq\u0259t yetirm\u0259kl\u0259 Koqnitiv Davran\u0131\u015f Terapiyas\u0131na (KDT) v\u0259 Dialektik Davran\u0131\u015f Terapiyas\u0131na (DDT) \u0259saslan\u0131r. Yana\u015fmam haqq\u0131nda daha \u00e7ox oxuyun. <\/p>\n<\/details>\n\n\n\n<details class=\"wp-block-details is-style-arrow-icon-details has-serif-font-family has-big-font-size is-layout-flow wp-block-details-is-layout-flow\" style=\"border-top-style:none;border-top-width:0px;border-right-style:none;border-right-width:0px;border-bottom-color:var(--wp--preset--color--gray);border-bottom-style:solid;border-bottom-width:1px;border-left-style:none;border-left-width:0px;margin-top:0;margin-bottom:var(--wp--preset--spacing--30);padding-bottom:var(--wp--preset--spacing--30)\"><summary>Hans\u0131 narahatl\u0131qlarla i\u015fl\u0259yirsiniz?<\/summary>\n<p class=\"has-contrast-1-color has-text-color has-link-color has-sans-serif-font-family has-small-font-size wp-elements-85890997ca22c158866604a4aedb3d16\">H\u0259m yeniyetm\u0259l\u0259rd\u0259, h\u0259m d\u0259 b\u00f6y\u00fckl\u0259rd\u0259 t\u0259\u015fvi\u015f, depressiya, m\u00fcnasib\u0259t probleml\u0259ri, stressin idar\u0259 edilm\u0259si, travma, yas, \u015f\u0259xsi inki\u015faf, t\u0259\u015fvi\u015f pozuntusu, yem\u0259 pozuntusu, DPDR, PTSP v\u0259 D\u018fHP  v\u0259 s. daxil olmaqla m\u00fcxt\u0259lif narahatl\u0131qlar \u00fc\u00e7\u00fcn d\u0259st\u0259k t\u0259klif edir\u0259m.<\/p>\n<\/details>\n\n\n\n<details class=\"wp-block-details is-style-arrow-icon-details has-serif-font-family has-big-font-size is-layout-flow wp-block-details-is-layout-flow\" style=\"border-top-style:none;border-top-width:0px;border-right-style:none;border-right-width:0px;border-bottom-color:var(--wp--preset--color--gray);border-bottom-style:solid;border-bottom-width:1px;border-left-style:none;border-left-width:0px;margin-top:0;margin-bottom:var(--wp--preset--spacing--30);padding-bottom:var(--wp--preset--spacing--30)\"><summary>Terapiya n\u0259 q\u0259d\u0259r davam edir?<\/summary>\n<p class=\"has-contrast-1-color has-text-color has-link-color has-sans-serif-font-family has-small-font-size wp-elements-6ba4378c4b7d11c46a9585859702212c\">Terapiyan\u0131n m\u00fcdd\u0259ti f\u0259rdd\u0259n v\u0259 narahatl\u0131qdan as\u0131l\u0131 olaraq d\u0259yi\u015fir. Bir \u00e7ox f\u0259rd 8-12 seansa \u0259h\u0259miyy\u0259tli d\u0259yi\u015fiklik hiss edir.<\/p>\n<\/details>\n\n\n\n<details class=\"wp-block-details is-style-arrow-icon-details has-serif-font-family has-big-font-size is-layout-flow wp-block-details-is-layout-flow\" style=\"border-top-style:none;border-top-width:0px;border-right-style:none;border-right-width:0px;border-bottom-color:var(--wp--preset--color--gray);border-bottom-style:solid;border-bottom-width:1px;border-left-style:none;border-left-width:0px;margin-top:0;margin-bottom:var(--wp--preset--spacing--30);padding-bottom:var(--wp--preset--spacing--30)\"><summary>Onlayn m\u00fchitd\u0259 v\u0259 ya mesajla terapiya t\u0259klif edirsiniz?<\/summary>\n<p class=\"has-contrast-1-color has-text-color has-link-color has-sans-serif-font-family has-small-font-size wp-elements-cd6354c6f296b1f0d317cbf39a113973\">B\u0259li, onlayn seans almaq m\u00fcmk\u00fcnd\u00fcr. Xeyr, mesajla terapiya t\u0259klif etmir\u0259m.<\/p>\n<\/details>\n\n\n\n<details class=\"wp-block-details is-style-arrow-icon-details has-serif-font-family has-big-font-size is-layout-flow wp-block-details-is-layout-flow\" style=\"border-top-style:none;border-top-width:0px;border-right-style:none;border-right-width:0px;border-bottom-color:var(--wp--preset--color--gray);border-bottom-style:solid;border-bottom-width:1px;border-left-style:none;border-left-width:0px;margin-top:0;margin-bottom:var(--wp--preset--spacing--30);padding-bottom:var(--wp--preset--spacing--30)\"><summary>M\u00fcxt\u0259lif m\u0259d\u0259ni v\u0259 dini m\u0259n\u015f\u0259li f\u0259rdl\u0259rl\u0259 i\u015fl\u0259yirsinizmi?<\/summary>\n<p class=\"has-contrast-1-color has-text-color has-link-color has-sans-serif-font-family has-small-font-size wp-elements-a6fb5e5398628bda232d3e2d9ed2807c\">B\u0259li, m\u0259n m\u00fcxt\u0259lif m\u0259d\u0259ni v\u0259 dini m\u0259n\u015f\u0259li f\u0259rdl\u0259r v\u0259 c\u00fctl\u00fckl\u0259rl\u0259 i\u015fl\u0259yir\u0259m.<\/p>\n<\/details>\n\n\n\n<details class=\"wp-block-details is-style-arrow-icon-details has-serif-font-family has-big-font-size is-layout-flow wp-block-details-is-layout-flow\" style=\"border-top-style:none;border-top-width:0px;border-right-style:none;border-right-width:0px;border-bottom-color:var(--wp--preset--color--gray);border-bottom-style:solid;border-bottom-width:1px;border-left-style:none;border-left-width:0px;margin-top:0;margin-bottom:var(--wp--preset--spacing--30);padding-bottom:var(--wp--preset--spacing--30)\"><summary>M\u00fc\u0259yy\u0259n m\u00f6vzular\u0131 m\u00fczakir\u0259 ed\u0259rk\u0259n \u00f6z\u00fcm\u00fc narahat hiss edir\u0259ms\u0259, n\u0259 etm\u0259liy\u0259m?<\/summary>\n<p class=\"has-contrast-1-color has-text-color has-link-color has-sans-serif-font-family has-small-font-size wp-elements-30ae9d5efc6151d160e727c7e9703a56\">Bu tamamil\u0259 normald\u0131r. \u0130nam v\u0259 rahatl\u0131q yaratmaq \u00fc\u00e7\u00fcn birlikd\u0259 \u00e7al\u0131\u015faca\u011f\u0131q ki, zaman ke\u00e7dikc\u0259 \u00f6z\u00fcn\u00fcz\u00fc daha rahat hiss ed\u0259siniz.<\/p>\n<\/details>\n\n\n\n<div style=\"margin-top:var(--wp--preset--spacing--10);margin-bottom:0;height:var(--wp--preset--spacing--10)\" aria-hidden=\"true\" class=\"wp-block-spacer\"><\/div>\n<\/div>\n<\/div>","protected":false},"excerpt":{"rendered":"<p>\u018fn \u00c7ox Veril\u0259n Suallar<\/p>","protected":false},"author":2,"featured_media":0,"parent":0,"menu_order":0,"comment_status":"closed","ping_status":"closed","template":"","meta":{"_uag_custom_page_level_css":"","footnotes":""},"class_list":["post-949","page","type-page","status-publish","hentry"],"aioseo_notices":[],"uagb_featured_image_src":{"full":false,"thumbnail":false,"medium":false,"medium_large":false,"large":false,"1536x1536":false,"2048x2048":false,"trp-custom-language-flag":false},"uagb_author_info":{"display_name":"Matas Sabalas","author_link":"https:\/\/sabinanazarova.com\/az\/author\/matas-sabalas\/"},"uagb_comment_info":0,"uagb_excerpt":"FAQs","_links":{"self":[{"href":"https:\/\/sabinanazarova.com\/az\/wp-json\/wp\/v2\/pages\/949","targetHints":{"allow":["GET"]}}],"collection":[{"href":"https:\/\/sabinanazarova.com\/az\/wp-json\/wp\/v2\/pages"}],"about":[{"href":"https:\/\/sabinanazarova.com\/az\/wp-json\/wp\/v2\/types\/page"}],"author":[{"embeddable":true,"href":"https:\/\/sabinanazarova.com\/az\/wp-json\/wp\/v2\/users\/2"}],"replies":[{"embeddable":true,"href":"https:\/\/sabinanazarova.com\/az\/wp-json\/wp\/v2\/comments?post=949"}],"version-history":[{"count":26,"href":"https:\/\/sabinanazarova.com\/az\/wp-json\/wp\/v2\/pages\/949\/revisions"}],"predecessor-version":[{"id":1260,"href":"https:\/\/sabinanazarova.com\/az\/wp-json\/wp\/v2\/pages\/949\/revisions\/1260"}],"wp:attachment":[{"href":"https:\/\/sabinanazarova.com\/az\/wp-json\/wp\/v2\/media?parent=949"}],"curies":[{"name":"wp","href":"https:\/\/api.w.org\/{rel}","templated":true}]}}