{"id":1149,"date":"2025-01-02T23:09:11","date_gmt":"2025-01-02T23:09:11","guid":{"rendered":"https:\/\/sabinanazarova.com\/?page_id=1149"},"modified":"2025-01-02T23:14:00","modified_gmt":"2025-01-02T23:14:00","slug":"blog","status":"publish","type":"page","link":"https:\/\/sabinanazarova.com\/az\/blog\/","title":{"rendered":"Bloq"},"content":{"rendered":"<div class=\"wp-block-uagb-post-grid uagb-post-grid  uagb-post__image-position-top uagb-post__image-enabled uagb-block-3d7b86cc     uagb-post__items uagb-post__columns-3 is-grid uagb-post__columns-tablet-2 uagb-post__columns-mobile-1\" data-total=\"3\" style=\"\">\n\n\t\t\t\t\t\t\t\t\t\t\t\t<article class=\"uagb-post__inner-wrap\">\t\t\t\t\t\t\t\t<div class='uagb-post__image'>\n\t\t\t\t\t\t\t\t\t<a href=\"https:\/\/sabinanazarova.com\/az\/xlamidiya-n%c9%99dir-simptomlar-diaqnoz-v%c9%99-mualic%c9%99\/\" target=\"_self\" rel=\"bookmark noopener noreferrer\" class='uagb-image-ratio-inherit'><img loading=\"lazy\" decoding=\"async\" width=\"1024\" height=\"683\" src=\"https:\/\/sabinanazarova.com\/wp-content\/uploads\/2026\/02\/Chlamydia_share-1-1024x683.jpg\" class=\"attachment-large size-large\" alt=\"\" srcset=\"https:\/\/sabinanazarova.com\/wp-content\/uploads\/2026\/02\/Chlamydia_share-1-1024x683.jpg 1024w, https:\/\/sabinanazarova.com\/wp-content\/uploads\/2026\/02\/Chlamydia_share-1-300x200.jpg 300w, https:\/\/sabinanazarova.com\/wp-content\/uploads\/2026\/02\/Chlamydia_share-1-768x512.jpg 768w, https:\/\/sabinanazarova.com\/wp-content\/uploads\/2026\/02\/Chlamydia_share-1-1536x1024.jpg 1536w, https:\/\/sabinanazarova.com\/wp-content\/uploads\/2026\/02\/Chlamydia_share-1-2048x1365.jpg 2048w, https:\/\/sabinanazarova.com\/wp-content\/uploads\/2026\/02\/Chlamydia_share-1-18x12.jpg 18w\" sizes=\"auto, (max-width: 1024px) 100vw, 1024px\" \/>\t\t\t\t\t<\/a>\n\t\t\t\t\t\t\t<\/div>\n\t\t\t\t\t\t<h4 class=\"uagb-post__title uagb-post__text\">\n\t\t\t\t<a href=\"https:\/\/sabinanazarova.com\/az\/xlamidiya-n%c9%99dir-simptomlar-diaqnoz-v%c9%99-mualic%c9%99\/\" target=\"_self\" rel=\"bookmark noopener noreferrer\">Xlamidiya N\u0259dir? Simptomlar, Diaqnoz v\u0259 M\u00fcalic\u0259<\/a>\n\t\t\t<\/h4>\n\t\t\t\t\t\t<div class='uagb-post__text uagb-post-grid-byline'>\n\t\t\t\t\t\t\t\t<time datetime=\"2026-02-02T13:51:41+00:00\" class=\"uagb-post__date\">\n\t\t\t\t<span class=\"dashicons-calendar dashicons\"><\/span>\t\t\t\t\tFevral 2, 2026\t\t\t\t<\/time>\n\t\t\t\t\t\t\t<span class=\"uagb-post__comment\">\n\t\t\t\t<span class=\"dashicons-admin-comments dashicons\"><\/span>\t\t\t\t\t\u015e\u0259rh edilm\u0259mi\u015f\t\t\t\t<\/span>\n\t\t\t\t\t\t<\/div>\n\t\t\t\t\t\t\t<div class='uagb-post__text uagb-post__excerpt'>\n\t\t\t\t\t<p>Xlamidiya N\u0259dir? Simptomlar, Diaqnoz v\u0259 M\u00fcalic\u0259 Xlamidiya qorunmam\u0131\u015f cinsi \u0259laq\u0259 (prezervativsiz seks) vasit\u0259sil\u0259 ke\u00e7\u0259n v\u0259&#8230;\t\t\t\t<\/div>\n\t\t\t\t\t\t<div class=\"uagb-post__text uagb-post__cta wp-block-button\">\n\t\t\t\t<a class=\"wp-block-button__link uagb-text-link\" style=\"\" href=\"https:\/\/sabinanazarova.com\/az\/xlamidiya-n%c9%99dir-simptomlar-diaqnoz-v%c9%99-mualic%c9%99\/\" target=\"_self\" rel=\"bookmark noopener noreferrer\">Daha \u0259trafl\u0131<\/a>\n\t\t\t<\/div>\n\t\t\t\n\t\t\t\t\t\t\t\t\t<\/article>\n\t\t\t\t\t\t\t\t\t\t\t\t\t\t\t\t<article class=\"uagb-post__inner-wrap\">\t\t\t\t\t\t\t\t<div class='uagb-post__image'>\n\t\t\t\t\t\t\t\t\t<a href=\"https:\/\/sabinanazarova.com\/az\/patologiyadan-k%c9%99nar-psixoloji-travma\/\" target=\"_self\" rel=\"bookmark noopener noreferrer\" class='uagb-image-ratio-inherit'><img loading=\"lazy\" decoding=\"async\" width=\"700\" height=\"700\" src=\"https:\/\/sabinanazarova.com\/wp-content\/uploads\/2025\/10\/c69df60cdde5e16270de3e6fd0ebb95590-14-microagressions.rsquare.w700.jpg.webp\" class=\"attachment-large size-large\" alt=\"\" srcset=\"https:\/\/sabinanazarova.com\/wp-content\/uploads\/2025\/10\/c69df60cdde5e16270de3e6fd0ebb95590-14-microagressions.rsquare.w700.jpg.webp 700w, https:\/\/sabinanazarova.com\/wp-content\/uploads\/2025\/10\/c69df60cdde5e16270de3e6fd0ebb95590-14-microagressions.rsquare.w700.jpg-300x300.webp 300w, https:\/\/sabinanazarova.com\/wp-content\/uploads\/2025\/10\/c69df60cdde5e16270de3e6fd0ebb95590-14-microagressions.rsquare.w700.jpg-150x150.webp 150w, https:\/\/sabinanazarova.com\/wp-content\/uploads\/2025\/10\/c69df60cdde5e16270de3e6fd0ebb95590-14-microagressions.rsquare.w700.jpg-12x12.webp 12w\" sizes=\"auto, (max-width: 700px) 100vw, 700px\" \/>\t\t\t\t\t<\/a>\n\t\t\t\t\t\t\t<\/div>\n\t\t\t\t\t\t<h4 class=\"uagb-post__title uagb-post__text\">\n\t\t\t\t<a href=\"https:\/\/sabinanazarova.com\/az\/patologiyadan-k%c9%99nar-psixoloji-travma\/\" target=\"_self\" rel=\"bookmark noopener noreferrer\">Patologiyadan K\u0259nar Psixoloji Travma<\/a>\n\t\t\t<\/h4>\n\t\t\t\t\t\t<div class='uagb-post__text uagb-post-grid-byline'>\n\t\t\t\t\t\t\t\t<time datetime=\"2025-10-30T09:07:50+00:00\" class=\"uagb-post__date\">\n\t\t\t\t<span class=\"dashicons-calendar dashicons\"><\/span>\t\t\t\t\tOktyabr 30, 2025\t\t\t\t<\/time>\n\t\t\t\t\t\t\t<span class=\"uagb-post__comment\">\n\t\t\t\t<span class=\"dashicons-admin-comments dashicons\"><\/span>\t\t\t\t\t\u015e\u0259rh edilm\u0259mi\u015f\t\t\t\t<\/span>\n\t\t\t\t\t\t<\/div>\n\t\t\t\t\t\t\t<div class='uagb-post__text uagb-post__excerpt'>\n\t\t\t\t\t<p>Patologiyadan K\u0259nar Psixoloji Travma Psixi sa\u011flaml\u0131qla il\u0259 ba\u011fl\u0131 m\u00fczakir\u0259l\u0259r bir \u00e7ox c\u0259h\u0259td\u0259n \u0259sasl\u0131 \u015f\u0259kild\u0259 d\u0259yi\u015fib&#8230;\t\t\t\t<\/div>\n\t\t\t\t\t\t<div class=\"uagb-post__text uagb-post__cta wp-block-button\">\n\t\t\t\t<a class=\"wp-block-button__link uagb-text-link\" style=\"\" href=\"https:\/\/sabinanazarova.com\/az\/patologiyadan-k%c9%99nar-psixoloji-travma\/\" target=\"_self\" rel=\"bookmark noopener noreferrer\">Daha \u0259trafl\u0131<\/a>\n\t\t\t<\/div>\n\t\t\t\n\t\t\t\t\t\t\t\t\t<\/article>\n\t\t\t\t\t\t\t\t\t\t\t\t\t\t\t\t<article class=\"uagb-post__inner-wrap\">\t\t\t\t\t\t\t\t<div class='uagb-post__image'>\n\t\t\t\t\t\t\t\t\t<a href=\"https:\/\/sabinanazarova.com\/az\/t%c9%99svisd%c9%99n-qurtulma-yollari-v%c9%99-koqnitiv-davranis-terapiyasi\/\" target=\"_self\" rel=\"bookmark noopener noreferrer\" class='uagb-image-ratio-inherit'><img loading=\"lazy\" decoding=\"async\" width=\"710\" height=\"1024\" src=\"https:\/\/sabinanazarova.com\/wp-content\/uploads\/2025\/08\/websitrstuff-710x1024.jpeg\" class=\"attachment-large size-large\" alt=\"\" srcset=\"https:\/\/sabinanazarova.com\/wp-content\/uploads\/2025\/08\/websitrstuff-710x1024.jpeg 710w, https:\/\/sabinanazarova.com\/wp-content\/uploads\/2025\/08\/websitrstuff-208x300.jpeg 208w, https:\/\/sabinanazarova.com\/wp-content\/uploads\/2025\/08\/websitrstuff-768x1108.jpeg 768w, https:\/\/sabinanazarova.com\/wp-content\/uploads\/2025\/08\/websitrstuff-1065x1536.jpeg 1065w, https:\/\/sabinanazarova.com\/wp-content\/uploads\/2025\/08\/websitrstuff-8x12.jpeg 8w, https:\/\/sabinanazarova.com\/wp-content\/uploads\/2025\/08\/websitrstuff.jpeg 1109w\" sizes=\"auto, (max-width: 710px) 100vw, 710px\" \/>\t\t\t\t\t<\/a>\n\t\t\t\t\t\t\t<\/div>\n\t\t\t\t\t\t<h4 class=\"uagb-post__title uagb-post__text\">\n\t\t\t\t<a href=\"https:\/\/sabinanazarova.com\/az\/t%c9%99svisd%c9%99n-qurtulma-yollari-v%c9%99-koqnitiv-davranis-terapiyasi\/\" target=\"_self\" rel=\"bookmark noopener noreferrer\">T\u0259\u015fvi\u015fd\u0259n Qurtulma Yollar\u0131 v\u0259 Koqnitiv Davran\u0131\u015f Terapiyas\u0131<\/a>\n\t\t\t<\/h4>\n\t\t\t\t\t\t<div class='uagb-post__text uagb-post-grid-byline'>\n\t\t\t\t\t\t\t\t<time datetime=\"2025-08-12T11:43:04+00:00\" class=\"uagb-post__date\">\n\t\t\t\t<span class=\"dashicons-calendar dashicons\"><\/span>\t\t\t\t\tAvqust 12, 2025\t\t\t\t<\/time>\n\t\t\t\t\t\t\t<span class=\"uagb-post__comment\">\n\t\t\t\t<span class=\"dashicons-admin-comments dashicons\"><\/span>\t\t\t\t\t\u015e\u0259rh edilm\u0259mi\u015f\t\t\t\t<\/span>\n\t\t\t\t\t\t<\/div>\n\t\t\t\t\t\t\t<div class='uagb-post__text uagb-post__excerpt'>\n\t\t\t\t\t<p>T\u0259\u015fvi\u015fd\u0259n Qurtulma Yollar\u0131 v\u0259 Koqnitiv Davran\u0131\u015f Terapiyas\u0131 T\u0259\u015fvi\u015f (istifad\u0259 olunan qeyri-r\u0259smi formas\u0131 anksiyete) \u00e7ox insan\u0131&#8230;\t\t\t\t<\/div>\n\t\t\t\t\t\t<div class=\"uagb-post__text uagb-post__cta wp-block-button\">\n\t\t\t\t<a class=\"wp-block-button__link uagb-text-link\" style=\"\" href=\"https:\/\/sabinanazarova.com\/az\/t%c9%99svisd%c9%99n-qurtulma-yollari-v%c9%99-koqnitiv-davranis-terapiyasi\/\" target=\"_self\" rel=\"bookmark noopener noreferrer\">Daha \u0259trafl\u0131<\/a>\n\t\t\t<\/div>\n\t\t\t\n\t\t\t\t\t\t\t\t\t<\/article>\n\t\t\t\t\t\t\t\t\t\t\t\t\t\t\t\t<article class=\"uagb-post__inner-wrap\">\t\t\t\t\t\t\t\t<div class='uagb-post__image'>\n\t\t\t\t\t\t\t\t\t<a href=\"https:\/\/sabinanazarova.com\/az\/islami-d%c9%99y%c9%99rl%c9%99r%c9%99-h%c9%99ssas-psixoterapiya-az%c9%99rbaycan-kontekstind%c9%99-m%c9%99d%c9%99ni-yanasma\/\" target=\"_self\" rel=\"bookmark noopener noreferrer\" class='uagb-image-ratio-inherit'><img loading=\"lazy\" decoding=\"async\" width=\"819\" height=\"1024\" src=\"https:\/\/sabinanazarova.com\/wp-content\/uploads\/2025\/07\/Vebinar22-819x1024.png\" class=\"attachment-large size-large\" alt=\"\" srcset=\"https:\/\/sabinanazarova.com\/wp-content\/uploads\/2025\/07\/Vebinar22-819x1024.png 819w, https:\/\/sabinanazarova.com\/wp-content\/uploads\/2025\/07\/Vebinar22-240x300.png 240w, https:\/\/sabinanazarova.com\/wp-content\/uploads\/2025\/07\/Vebinar22-768x960.png 768w, https:\/\/sabinanazarova.com\/wp-content\/uploads\/2025\/07\/Vebinar22-10x12.png 10w, https:\/\/sabinanazarova.com\/wp-content\/uploads\/2025\/07\/Vebinar22.png 1080w\" sizes=\"auto, (max-width: 819px) 100vw, 819px\" \/>\t\t\t\t\t<\/a>\n\t\t\t\t\t\t\t<\/div>\n\t\t\t\t\t\t<h4 class=\"uagb-post__title uagb-post__text\">\n\t\t\t\t<a href=\"https:\/\/sabinanazarova.com\/az\/islami-d%c9%99y%c9%99rl%c9%99r%c9%99-h%c9%99ssas-psixoterapiya-az%c9%99rbaycan-kontekstind%c9%99-m%c9%99d%c9%99ni-yanasma\/\" target=\"_self\" rel=\"bookmark noopener noreferrer\">\u0130slami D\u0259y\u0259rl\u0259r\u0259 H\u0259ssas Psixoterapiya: Az\u0259rbaycan Kontekstind\u0259 M\u0259d\u0259ni Yana\u015fma<\/a>\n\t\t\t<\/h4>\n\t\t\t\t\t\t<div class='uagb-post__text uagb-post-grid-byline'>\n\t\t\t\t\t\t\t\t<time datetime=\"2025-07-30T10:20:00+00:00\" class=\"uagb-post__date\">\n\t\t\t\t<span class=\"dashicons-calendar dashicons\"><\/span>\t\t\t\t\t\u0130yul 30, 2025\t\t\t\t<\/time>\n\t\t\t\t\t\t\t<span class=\"uagb-post__comment\">\n\t\t\t\t<span class=\"dashicons-admin-comments dashicons\"><\/span>\t\t\t\t\t\u015e\u0259rh edilm\u0259mi\u015f\t\t\t\t<\/span>\n\t\t\t\t\t\t<\/div>\n\t\t\t\t\t\t\t<div class='uagb-post__text uagb-post__excerpt'>\n\t\t\t\t\t<p>\ud83d\udcc5\u00a0M\u00fcdd\u0259t:\u00a05 saat- 11:00-13:30 6 v\u0259 7 sentyabr 2025 &#8211; Onlayn\ud83d\udcb3\u00a0\u0130\u015ftirak haqq\u0131:\u00a060 AZN Az\u0259rbaycan psixoloji sah\u0259sind\u0259&#8230;\t\t\t\t<\/div>\n\t\t\t\t\t\t<div class=\"uagb-post__text uagb-post__cta wp-block-button\">\n\t\t\t\t<a class=\"wp-block-button__link uagb-text-link\" style=\"\" href=\"https:\/\/sabinanazarova.com\/az\/islami-d%c9%99y%c9%99rl%c9%99r%c9%99-h%c9%99ssas-psixoterapiya-az%c9%99rbaycan-kontekstind%c9%99-m%c9%99d%c9%99ni-yanasma\/\" target=\"_self\" rel=\"bookmark noopener noreferrer\">Daha \u0259trafl\u0131<\/a>\n\t\t\t<\/div>\n\t\t\t\n\t\t\t\t\t\t\t\t\t<\/article>\n\t\t\t\t\t\t\t\t\t\t\t\t\t\t\t\t<article class=\"uagb-post__inner-wrap\">\t\t\t\t\t\t\t\t<div class='uagb-post__image'>\n\t\t\t\t\t\t\t\t\t<a href=\"https:\/\/sabinanazarova.com\/az\/trixotillomaniya-diaqnostik-xususiyy%c9%99tl%c9%99r-diferensial-diaqnoz-v%c9%99-mualic%c9%99\/\" target=\"_self\" rel=\"bookmark noopener noreferrer\" class='uagb-image-ratio-inherit'><img loading=\"lazy\" decoding=\"async\" width=\"710\" height=\"1024\" src=\"https:\/\/sabinanazarova.com\/wp-content\/uploads\/2024\/06\/websitrstuff-710x1024.jpeg\" class=\"attachment-large size-large\" alt=\"\" srcset=\"https:\/\/sabinanazarova.com\/wp-content\/uploads\/2024\/06\/websitrstuff-710x1024.jpeg 710w, https:\/\/sabinanazarova.com\/wp-content\/uploads\/2024\/06\/websitrstuff-208x300.jpeg 208w, https:\/\/sabinanazarova.com\/wp-content\/uploads\/2024\/06\/websitrstuff-768x1108.jpeg 768w, https:\/\/sabinanazarova.com\/wp-content\/uploads\/2024\/06\/websitrstuff-1065x1536.jpeg 1065w, https:\/\/sabinanazarova.com\/wp-content\/uploads\/2024\/06\/websitrstuff.jpeg 1109w\" sizes=\"auto, (max-width: 710px) 100vw, 710px\" \/>\t\t\t\t\t<\/a>\n\t\t\t\t\t\t\t<\/div>\n\t\t\t\t\t\t<h4 class=\"uagb-post__title uagb-post__text\">\n\t\t\t\t<a href=\"https:\/\/sabinanazarova.com\/az\/trixotillomaniya-diaqnostik-xususiyy%c9%99tl%c9%99r-diferensial-diaqnoz-v%c9%99-mualic%c9%99\/\" target=\"_self\" rel=\"bookmark noopener noreferrer\">Trixotillomaniya, Diaqnostik X\u00fcsusiyy\u0259tl\u0259r, Diferensial Diaqnoz v\u0259 M\u00fcalic\u0259<\/a>\n\t\t\t<\/h4>\n\t\t\t\t\t\t<div class='uagb-post__text uagb-post-grid-byline'>\n\t\t\t\t\t\t\t\t<time datetime=\"2025-03-11T13:25:43+00:00\" class=\"uagb-post__date\">\n\t\t\t\t<span class=\"dashicons-calendar dashicons\"><\/span>\t\t\t\t\tMart 11, 2025\t\t\t\t<\/time>\n\t\t\t\t\t\t\t<span class=\"uagb-post__comment\">\n\t\t\t\t<span class=\"dashicons-admin-comments dashicons\"><\/span>\t\t\t\t\t\u015e\u0259rh edilm\u0259mi\u015f\t\t\t\t<\/span>\n\t\t\t\t\t\t<\/div>\n\t\t\t\t\t\t\t<div class='uagb-post__text uagb-post__excerpt'>\n\t\t\t\t\t<p>Trixotillomaniya, Diaqnostik X\u00fcsusiyy\u0259tl\u0259r, Diferensial Diaqnoz v\u0259 M\u00fcalic\u0259 Trixotillomaniya t\u0259krarlanan sa\u00e7 \u00e7\u0259km\u0259 epizodlar\u0131n\u0131 \u0259hat\u0259 edir v\u0259&#8230;\t\t\t\t<\/div>\n\t\t\t\t\t\t<div class=\"uagb-post__text uagb-post__cta wp-block-button\">\n\t\t\t\t<a class=\"wp-block-button__link uagb-text-link\" style=\"\" href=\"https:\/\/sabinanazarova.com\/az\/trixotillomaniya-diaqnostik-xususiyy%c9%99tl%c9%99r-diferensial-diaqnoz-v%c9%99-mualic%c9%99\/\" target=\"_self\" rel=\"bookmark noopener noreferrer\">Daha \u0259trafl\u0131<\/a>\n\t\t\t<\/div>\n\t\t\t\n\t\t\t\t\t\t\t\t\t<\/article>\n\t\t\t\t\t\t\t\t\t\t\t\t\t\t\t\t<article class=\"uagb-post__inner-wrap\">\t\t\t\t\t\t\t\t<div class='uagb-post__image'>\n\t\t\t\t\t\t\t\t\t<a href=\"https:\/\/sabinanazarova.com\/az\/derealizasiya-depersonalizasiya-n%c9%99dir-diaqnostik-kriteriyalar-v%c9%99-mualic%c9%99\/\" target=\"_self\" rel=\"bookmark noopener noreferrer\" class='uagb-image-ratio-inherit'><img loading=\"lazy\" decoding=\"async\" width=\"700\" height=\"368\" src=\"https:\/\/sabinanazarova.com\/wp-content\/uploads\/2025\/02\/5d25b80572c6e-png__700.jpg\" class=\"attachment-large size-large\" alt=\"\" srcset=\"https:\/\/sabinanazarova.com\/wp-content\/uploads\/2025\/02\/5d25b80572c6e-png__700.jpg 700w, https:\/\/sabinanazarova.com\/wp-content\/uploads\/2025\/02\/5d25b80572c6e-png__700-300x158.jpg 300w, https:\/\/sabinanazarova.com\/wp-content\/uploads\/2025\/02\/5d25b80572c6e-png__700-18x9.jpg 18w\" sizes=\"auto, (max-width: 700px) 100vw, 700px\" \/>\t\t\t\t\t<\/a>\n\t\t\t\t\t\t\t<\/div>\n\t\t\t\t\t\t<h4 class=\"uagb-post__title uagb-post__text\">\n\t\t\t\t<a href=\"https:\/\/sabinanazarova.com\/az\/derealizasiya-depersonalizasiya-n%c9%99dir-diaqnostik-kriteriyalar-v%c9%99-mualic%c9%99\/\" target=\"_self\" rel=\"bookmark noopener noreferrer\">Derealizasiya\\ Depersonalizasiya N\u0259dir? Diaqnostik Kriteriya v\u0259 M\u00fcalic\u0259<\/a>\n\t\t\t<\/h4>\n\t\t\t\t\t\t<div class='uagb-post__text uagb-post-grid-byline'>\n\t\t\t\t\t\t\t\t<time datetime=\"2025-02-28T16:02:45+00:00\" class=\"uagb-post__date\">\n\t\t\t\t<span class=\"dashicons-calendar dashicons\"><\/span>\t\t\t\t\tFevral 28, 2025\t\t\t\t<\/time>\n\t\t\t\t\t\t\t<span class=\"uagb-post__comment\">\n\t\t\t\t<span class=\"dashicons-admin-comments dashicons\"><\/span>\t\t\t\t\t\u015e\u0259rh edilm\u0259mi\u015f\t\t\t\t<\/span>\n\t\t\t\t\t\t<\/div>\n\t\t\t\t\t\t\t<div class='uagb-post__text uagb-post__excerpt'>\n\t\t\t\t\t<p>Derealizasiya\\ Depersonalizasiya N\u0259dir? DPDR, Diaqnostik Kriteriya v\u0259 M\u00fcalic\u0259 Depersonalizasiya v\u0259 Derealizasiya Pozuntusu (DPDR)&nbsp;f\u0259rdin \u00f6z\u00fcn\u00fc v\u0259&#8230;\t\t\t\t<\/div>\n\t\t\t\t\t\t<div class=\"uagb-post__text uagb-post__cta wp-block-button\">\n\t\t\t\t<a class=\"wp-block-button__link uagb-text-link\" style=\"\" href=\"https:\/\/sabinanazarova.com\/az\/derealizasiya-depersonalizasiya-n%c9%99dir-diaqnostik-kriteriyalar-v%c9%99-mualic%c9%99\/\" target=\"_self\" rel=\"bookmark noopener noreferrer\">Daha \u0259trafl\u0131<\/a>\n\t\t\t<\/div>\n\t\t\t\n\t\t\t\t\t\t\t\t\t<\/article>\n\t\t\t\t\t\t\t\t\t\t\t\t\t<div class=\"uagb-post-pagination-wrap\">\n\t\t\t\t\t\t<span aria-current=\"page\" class=\"page-numbers current\">1<\/span>\n<a class=\"page-numbers\" href=\"https:\/\/sabinanazarova.com\/az\/wp-json\/wp\/v2\/pages\/1149\/page\/2\/\">2<\/a>\n<a class=\"page-numbers\" href=\"https:\/\/sabinanazarova.com\/az\/wp-json\/wp\/v2\/pages\/1149\/page\/3\/\">3<\/a>\n<a class=\"next page-numbers\" href=\"https:\/\/sabinanazarova.com\/az\/wp-json\/wp\/v2\/pages\/1149\/page\/2\/\">Next \u00bb<\/a>\t\t\t\t\t<\/div>\n\t\t\t\t\t\t\t\t<\/div>","protected":false},"excerpt":{"rendered":"","protected":false},"author":2,"featured_media":0,"parent":0,"menu_order":0,"comment_status":"closed","ping_status":"closed","template":"","meta":{"_uag_custom_page_level_css":"","footnotes":""},"class_list":["post-1149","page","type-page","status-publish","hentry"],"aioseo_notices":[],"uagb_featured_image_src":{"full":false,"thumbnail":false,"medium":false,"medium_large":false,"large":false,"1536x1536":false,"2048x2048":false,"trp-custom-language-flag":false},"uagb_author_info":{"display_name":"Matas Sabalas","author_link":"https:\/\/sabinanazarova.com\/az\/author\/matas-sabalas\/"},"uagb_comment_info":0,"uagb_excerpt":null,"_links":{"self":[{"href":"https:\/\/sabinanazarova.com\/az\/wp-json\/wp\/v2\/pages\/1149","targetHints":{"allow":["GET"]}}],"collection":[{"href":"https:\/\/sabinanazarova.com\/az\/wp-json\/wp\/v2\/pages"}],"about":[{"href":"https:\/\/sabinanazarova.com\/az\/wp-json\/wp\/v2\/types\/page"}],"author":[{"embeddable":true,"href":"https:\/\/sabinanazarova.com\/az\/wp-json\/wp\/v2\/users\/2"}],"replies":[{"embeddable":true,"href":"https:\/\/sabinanazarova.com\/az\/wp-json\/wp\/v2\/comments?post=1149"}],"version-history":[{"count":3,"href":"https:\/\/sabinanazarova.com\/az\/wp-json\/wp\/v2\/pages\/1149\/revisions"}],"predecessor-version":[{"id":1192,"href":"https:\/\/sabinanazarova.com\/az\/wp-json\/wp\/v2\/pages\/1149\/revisions\/1192"}],"wp:attachment":[{"href":"https:\/\/sabinanazarova.com\/az\/wp-json\/wp\/v2\/media?parent=1149"}],"curies":[{"name":"wp","href":"https:\/\/api.w.org\/{rel}","templated":true}]}}