{"id":1081,"date":"2024-12-12T23:20:06","date_gmt":"2024-12-12T23:20:06","guid":{"rendered":"https:\/\/sabinanazarova.com\/?page_id=1081"},"modified":"2026-04-03T13:54:49","modified_gmt":"2026-04-03T13:54:49","slug":"about-sabina-nazarova","status":"publish","type":"page","link":"https:\/\/sabinanazarova.com\/az\/about-sabina-nazarova\/","title":{"rendered":"Who is Sabina Nazarova"},"content":{"rendered":"<h3 class=\"wp-block-heading\">\u00d6zke\u00e7mi\u015f<\/h3>\n\n\n\n<p><strong>T\u0259hsil:<\/strong><\/p>\n\n\n\n<ul class=\"wp-block-list\">\n<li>Bak\u0131 Slavyan Universitetind\u0259n \u0130ngilis dilind\u0259 T\u0259rc\u00fcm\u0259 Baklavr D\u0259r\u0259c\u0259si (590\\700) (2014-2018)<\/li>\n\n\n\n<li>Mykolas Romeris Universitetind\u0259n Psixologiya \u00fczr\u0259 bakalavr d\u0259r\u0259c\u0259si (2019\u20132023). Beyn\u0259lxalq t\u0259hsil proqramlar\u0131nda i\u015ftirak etmi\u015fdir: <strong>Valensiya Universiteti, \u0130spaniya<\/strong>&nbsp;(2021-2022). <strong>Manhaym Universiteti, Almaniya<\/strong>&nbsp;(2021).<\/li>\n<\/ul>\n\n\n\n<p><strong>Pe\u015f\u0259kar \u0130nki\u015faf:<\/strong><\/p>\n\n\n\n<ul class=\"wp-block-list\">\n<li><strong>BPS M\u0259zun \u00dczv\u00fc<\/strong>&nbsp;: etik, s\u00fcbutlara \u0259saslanan t\u0259cr\u00fcb\u0259y\u0259 sadiq.<\/li>\n\n\n\n<li><strong>230+ saat<\/strong>&nbsp;CBT v\u0259 DBT \u00fczr\u0259 t\u0259m\u0259l v\u0259 qabaqc\u0131l t\u0259lim. \n<ul class=\"wp-block-list\">\n<li>daxildir&nbsp;<strong>200 KDT t\u0259liml\u0259ri<\/strong>&nbsp;Koqnitiv Davran\u0131\u015f \u0130nstitutlar\u0131&nbsp;<strong>\u0130nstitutlar\u0131<\/strong>&nbsp;t\u0259r\u0259find\u0259n&nbsp;<strong>Cognitive Behavioral Psychotherapies Association<\/strong>.<\/li>\n\n\n\n<li>daxildir&nbsp;<strong>30 hours of DBT training<\/strong>&nbsp;Koqnitiv Davran\u0131\u015f \u0130nstitutlar\u0131&nbsp;<strong>\u0130nstitutlar\u0131<\/strong>.<\/li>\n<\/ul>\n<\/li>\n\n\n\n<li><strong>160+ hours<\/strong>&nbsp;of specialized training in couple, sex, and relationship therapy.\n<ul class=\"wp-block-list\">\n<li><strong>Gottman Method:<\/strong>&nbsp;<strong>30 hours<\/strong>&nbsp;of training with the&nbsp;<strong>Gottman Institute<\/strong>&nbsp;in couple therapy to help partners deepen connection, manage conflict, and rebuild trust.<\/li>\n\n\n\n<li><strong>Sex Therapy &amp; GSRD:<\/strong>&nbsp;<strong>100 hours<\/strong>&nbsp;of advanced training focused on&nbsp;<strong>Sex Therapy<\/strong>&nbsp;and&nbsp;<strong>Gender, Sexuality, and Relationship Diversity (GSRD)<\/strong>&nbsp;from institutions including&nbsp;<strong>Pink Therapy<\/strong>&nbsp;and&nbsp;<strong>CICS\/COSORT<\/strong>.<\/li>\n<\/ul>\n<\/li>\n\n\n\n<li><strong>230+ hours of Integrated &amp; Contextual Approaches:<\/strong>\n<ul class=\"wp-block-list\">\n<li><strong>Acceptance and Commitment Therapy (ACT):<\/strong>&nbsp;<strong>30 hours<\/strong>&nbsp;of focused training in the ACT model developed by&nbsp;<strong>Steven Hayes<\/strong>.<\/li>\n\n\n\n<li><strong>Multidisciplinary Psychotherapy:<\/strong>&nbsp;<strong>200 hours<\/strong>&nbsp;dedicated to exploring&nbsp;<strong>Multidisciplinary Approaches in Psychotherapy and Humanity<\/strong>.<\/li>\n<\/ul>\n<\/li>\n<\/ul>\n\n\n\n<p><strong>Pe\u015f\u0259kar T\u0259cr\u00fcb\u0259:<\/strong><\/p>\n\n\n\n<ul class=\"wp-block-list\">\n<li>M\u00fcxt\u0259lif v\u0259zif\u0259l\u0259rd\u0259 o c\u00fcml\u0259d\u0259n psixoloq, m\u00fc\u0259llim, t\u0259dqiqat\u00e7\u0131 v\u0259 s. kimi \u00e7al\u0131\u015f\u0131b.<\/li>\n\n\n\n<li>Participated in volunteering, internships, projects, and traineeships across multiple countries during and after the studies:\n<ul class=\"wp-block-list\">\n<li><strong>Litva, Az\u0259rbaycan, T\u00fcrkiy\u0259, \u0130spaniya, Hollandiya, Pol\u015fa, Rum\u0131niya, B\u00f6y\u00fck Britaniya v\u0259 \u0130sve\u00e7r\u0259 v\u0259 s.<\/strong>.<\/li>\n<\/ul>\n<\/li>\n\n\n\n<li><strong>Keynote Speaker &amp; Research Presenter:<\/strong>&nbsp;\n<ul class=\"wp-block-list\">\n<li><strong>Key Note Speaker<\/strong>&nbsp;at the&nbsp;<strong>3rd Emotion and Visceral Functions Conference<\/strong>&nbsp;in Baku, Azerbaijan (2025).<\/li>\n\n\n\n<li><strong>Research Presenter<\/strong>&nbsp;at the&nbsp;<strong>1st Neuroscience Conference for Young Researchers<\/strong>&nbsp;at Vilnius University (2025).<\/li>\n\n\n\n<li><strong>Guest Speaker<\/strong>&nbsp;at the&nbsp;<strong>Women Empowering Conference, &#8220;Europe&#8217;s Rafelende Randen&#8221;<\/strong>&nbsp;(2020), focusing on empowerment and social issues.<\/li>\n<\/ul>\n<\/li>\n\n\n\n<li><strong>Advanced Thematic Schools &amp; Training:<\/strong>\n<ul class=\"wp-block-list\">\n<li><strong>Humanizing Birth Summer School<\/strong>&nbsp;by the Critical Midwifery Studies Collective, hosted by Utrecht University and the University of Humanistic Studies (2022).<\/li>\n\n\n\n<li><strong>Winter School in Diversity Health Care<\/strong>&nbsp;at Zhaw University (2021).<\/li>\n\n\n\n<li><strong>Summer School on Counseling<\/strong>&nbsp;at the West University of Timisoara (2021).<\/li>\n<\/ul>\n<\/li>\n<\/ul>\n\n\n\n<h3 class=\"wp-block-heading\">\u0130xtisasla\u015fma\u011fa Davam Etdiyi Sah\u0259l\u0259r:<\/h3>\n\n\n\n<p>As an experienced therapist, I specialize in working with:<\/p>\n\n\n\n<ul class=\"wp-block-list\">\n<li><strong>Yem\u0259k Yem\u0259 Pozuntular\u0131<\/strong><\/li>\n\n\n\n<li><strong>T\u0259\u015fvi\u015f Pozuntular\u0131<\/strong><\/li>\n\n\n\n<li><strong>Depressiv Pozuntular<\/strong><\/li>\n\n\n\n<li><strong>\u015e\u0259xsiyy\u0259t Pozuntular\u0131<\/strong><\/li>\n\n\n\n<li><strong>Dissosiativ Pozuntular<\/strong><\/li>\n\n\n\n<li><strong>Neyroinki\u015faf Pozuntular<\/strong><\/li>\n\n\n\n<li><strong>Travma v\u0259 Stressl\u0259 \u018flaq\u0259li Pozuntular<\/strong><\/li>\n\n\n\n<li><strong>Madd\u0259 \u0130stifad\u0259si il\u0259 \u018flaq\u0259li Pozuntular<\/strong><\/li>\n\n\n\n<li><strong>Obsessiv Kompulsiv v\u0259 \u018flaq\u0259li Pozuntular<\/strong><\/li>\n\n\n\n<li><strong>Sex and Relationship issues<\/strong><\/li>\n\n\n\n<li><strong>Miqrasiya v\u0259 Adaptasiya<\/strong><\/li>\n<\/ul>\n\n\n\n<p><\/p>","protected":false},"excerpt":{"rendered":"<p>Education Education: Professional Development: Professional Experience: Specializations As an experienced therapist, I specialize in working with:<\/p>","protected":false},"author":1,"featured_media":0,"parent":0,"menu_order":0,"comment_status":"closed","ping_status":"closed","template":"","meta":{"_uag_custom_page_level_css":"","footnotes":""},"class_list":["post-1081","page","type-page","status-publish","hentry"],"aioseo_notices":[],"uagb_featured_image_src":{"full":false,"thumbnail":false,"medium":false,"medium_large":false,"large":false,"1536x1536":false,"2048x2048":false,"trp-custom-language-flag":false},"uagb_author_info":{"display_name":"sabinanazarova.psych@gmail.com","author_link":"https:\/\/sabinanazarova.com\/az\/author\/sabinanazarova-psychgmail-com\/"},"uagb_comment_info":0,"uagb_excerpt":"Education Education: Professional Development: Professional Experience: Specializations As an experienced therapist, I specialize in working with:","_links":{"self":[{"href":"https:\/\/sabinanazarova.com\/az\/wp-json\/wp\/v2\/pages\/1081","targetHints":{"allow":["GET"]}}],"collection":[{"href":"https:\/\/sabinanazarova.com\/az\/wp-json\/wp\/v2\/pages"}],"about":[{"href":"https:\/\/sabinanazarova.com\/az\/wp-json\/wp\/v2\/types\/page"}],"author":[{"embeddable":true,"href":"https:\/\/sabinanazarova.com\/az\/wp-json\/wp\/v2\/users\/1"}],"replies":[{"embeddable":true,"href":"https:\/\/sabinanazarova.com\/az\/wp-json\/wp\/v2\/comments?post=1081"}],"version-history":[{"count":10,"href":"https:\/\/sabinanazarova.com\/az\/wp-json\/wp\/v2\/pages\/1081\/revisions"}],"predecessor-version":[{"id":1261,"href":"https:\/\/sabinanazarova.com\/az\/wp-json\/wp\/v2\/pages\/1081\/revisions\/1261"}],"wp:attachment":[{"href":"https:\/\/sabinanazarova.com\/az\/wp-json\/wp\/v2\/media?parent=1081"}],"curies":[{"name":"wp","href":"https:\/\/api.w.org\/{rel}","templated":true}]}}