{"id":1073,"date":"2024-09-29T19:18:30","date_gmt":"2024-09-29T19:18:30","guid":{"rendered":"https:\/\/sabinanazarova.com\/?page_id=1073"},"modified":"2025-03-28T21:00:34","modified_gmt":"2025-03-28T21:00:34","slug":"cancellation-policy-agreement","status":"publish","type":"page","link":"https:\/\/sabinanazarova.com\/az\/977-2\/cancellation-policy-agreement\/","title":{"rendered":"Cancellation Policy Agreement"},"content":{"rendered":"<p>Y\u00fcks\u0259k keyfiyy\u0259tli qay\u011f\u0131 g\u00f6st\u0259rm\u0259k v\u0259 resurslar\u0131m\u0131zdan \u0259n yax\u015f\u0131 istifad\u0259ni t\u0259min etm\u0259k \u00fc\u00e7\u00fcn a\u015fa\u011f\u0131dak\u0131 l\u0259\u011fvetm\u0259 siyas\u0259tin\u0259 \u0259m\u0259l etm\u0259k \u015f\u0259rtdir. Z\u0259hm\u0259t olmasa, diqq\u0259tl\u0259 oxuyun.<\/p>\n\n\n\n<p><strong> Seans L\u0259\u011fvi v\u0259 Vaxt D\u0259yi\u015fimi<\/strong><\/p>\n\n\n\n<ul class=\"wp-block-list\">\n<li><strong>L\u0259v\u011f Etm\u0259:<\/strong>: F\u0259rd g\u00f6r\u00fc\u015f\u00fc l\u0259\u011fv etm\u0259k \u00fc\u00e7\u00fcn \u0259n az\u0131 48 saat \u0259vv\u0259l bildiri\u015f verm\u0259lidir.<\/li>\n\n\n\n<li><strong>Vaxt d\u0259yi\u015fm\u0259<\/strong>: F\u0259rd g\u00f6r\u00fc\u015f\u00fcn vaxt\u0131n\u0131 d\u0259yi\u015fdirm\u0259k \u00fc\u00e7\u00fcn \u0259n az\u0131 24 saat \u0259vv\u0259l bildiri\u015f verm\u0259lidir. Planla\u015fd\u0131r\u0131lm\u0131\u015f g\u00f6r\u00fc\u015f vaxt\u0131ndan 24 saatdan az \u0259vv\u0259l edil\u0259n yenid\u0259n planla\u015fd\u0131rma sor\u011fular\u0131 sessiya haqq\u0131n\u0131n yar\u0131s\u0131na b\u0259rab\u0259r olan yenid\u0259n planla\u015fd\u0131rma r\u00fcsumunu \u00f6d\u0259y\u0259c\u0259k. <\/li>\n\n\n\n<li><strong>No-show v\u0259 ya son anda l\u0259\u011fv etm\u0259\/d\u0259yi\u015fm\u0259:<\/strong> \u018fvv\u0259lc\u0259d\u0259n he\u00e7 bir bildiri\u015f t\u0259qdim etm\u0259d\u0259n planla\u015fd\u0131r\u0131lan g\u00f6r\u00fc\u015f\u0259 g\u0259lm\u0259y\u0259n v\u0259 ya bunu yaln\u0131z 3 saata q\u0259d\u0259r \u00f6nc\u0259 yerin\u0259 yetir\u0259n f\u0259rdin seans\u0131 ba\u015f tutmu\u015f say\u0131lacaq.<\/li>\n<\/ul>\n\n\n\n<p><strong>Gecikm\u0259<\/strong><\/p>\n\n\n\n<p>F\u0259rdin planla\u015fd\u0131r\u0131lan g\u00f6r\u00fc\u015f\u0259 vaxt\u0131nda g\u0259lm\u0259si g\u00f6zl\u0259nilir. Terapevt h\u0259r bir f\u0259rd\u0259 qar\u015f\u0131 \u0259dal\u0259tli olmaq v\u0259 terapevtin vaxt\u0131na h\u00f6rm\u0259t etm\u0259k \u00fc\u00e7\u00fcn bir ne\u00e7\u0259 d\u0259qiq\u0259 \u0259rzind\u0259 gec g\u0259l\u0259nl\u0259ri q\u0259bul etm\u0259k \u00fc\u00e7\u00fcn s\u0259y g\u00f6st\u0259r\u0259 bil\u0259r, lakin \u00e7ox vaxt seans planla\u015fd\u0131r\u0131lan vaxtda bit\u0259c\u0259k. Buna g\u00f6r\u0259 d\u0259, seansdan maksimum yararlanmaq \u00fc\u00e7\u00fcn vaxt\u0131nda i\u015ftirak etdiyiniz\u0259 \u0259min olun.<\/p>\n\n\n\n<p><strong>Terapiyan\u0131n Psixoloq T\u0259r\u0259find\u0259n Dayand\u0131r\u0131lmas\u0131<\/strong><\/p>\n\n\n\n<p>F\u0259rd iki h\u0259ft\u0259d\u0259n \u00e7ox davamiyy\u0259t v\u0259 ya \u00fcnsiyy\u0259t d\u0259 daxil olmaqla terapiya m\u00fcqavil\u0259sin\u0259 ard\u0131c\u0131l olaraq \u0259m\u0259l etmirs\u0259 v\u0259 ya terapiyadan fayda g\u00f6rm\u00fcrs\u0259, terapevt f\u0259rdi alternativ resurslara y\u00f6nl\u0259ndir\u0259 v\u0259 ya m\u00fcalic\u0259d\u0259n imtina ed\u0259 bil\u0259r. Bu q\u0259rar narahatl\u0131qlar\u0131 m\u00fczakir\u0259 etdikd\u0259n v\u0259 alternativl\u0259ri ara\u015fd\u0131rd\u0131qdan sonra f\u0259rdin maraqlar\u0131na uy\u011fun olaraq q\u0259bul edilir.<\/p>\n\n\n\n<p><strong>Terapevtinizd\u0259n Siz\u0259 \u015e\u0259xsi Not<\/strong><\/p>\n\n\n\n<blockquote class=\"wp-block-quote is-layout-flow wp-block-quote-is-layout-flow\">\n<p>Sizin terapevtiniz kimi tez-tez h\u0259ft\u0259 sonlar\u0131m\u0131 seanslara h\u0259sr edir\u0259m v\u0259 ehtiyaclar\u0131n\u0131z\u0131 \u00f6d\u0259m\u0259k \u00fc\u00e7\u00fcn regular i\u015f saatlar\u0131ndan k\u0259narda i\u015fl\u0259yir\u0259m. Vaxt\u0131ma h\u00f6rm\u0259t etm\u0259k v\u0259 b\u00fct\u00fcn f\u0259rdl\u0259r\u0259 qar\u015f\u0131 \u0259dal\u0259tli olmaq \u00fc\u00e7\u00fcn l\u0259\u011fvetm\u0259 siyas\u0259timiz\u0259 riay\u0259t etm\u0259k \u00e7ox vacibdir. Anlay\u0131\u015f\u0131n\u0131za v\u0259 \u0259m\u0259kda\u015fl\u0131\u011f\u0131n\u0131za g\u00f6r\u0259 t\u0259\u015f\u0259kk\u00fcr edirik.<\/p>\n<cite>Sabina Nazarova<\/cite><\/blockquote>","protected":false},"excerpt":{"rendered":"<p>To provide all our clients with high-quality care and to ensure the best use of our resources, I have established the following cancellation policy. Please review this policy carefully. Appointment Cancellation and Rescheduling Arrival and Late Attendance Clients are expected to arrive on time for their scheduled appointments. While the therapist may make an effort [&hellip;]<\/p>","protected":false},"author":1,"featured_media":0,"parent":977,"menu_order":0,"comment_status":"closed","ping_status":"closed","template":"","meta":{"_uag_custom_page_level_css":"","footnotes":""},"class_list":["post-1073","page","type-page","status-publish","hentry"],"aioseo_notices":[],"uagb_featured_image_src":{"full":false,"thumbnail":false,"medium":false,"medium_large":false,"large":false,"1536x1536":false,"2048x2048":false,"trp-custom-language-flag":false},"uagb_author_info":{"display_name":"sabinanazarova.psych@gmail.com","author_link":"https:\/\/sabinanazarova.com\/az\/author\/sabinanazarova-psychgmail-com\/"},"uagb_comment_info":0,"uagb_excerpt":"To provide all our clients with high-quality care and to ensure the best use of our resources, I have established the following cancellation policy. Please review this policy carefully. Appointment Cancellation and Rescheduling Arrival and Late Attendance Clients are expected to arrive on time for their scheduled appointments. While the therapist may make an effort&hellip;","_links":{"self":[{"href":"https:\/\/sabinanazarova.com\/az\/wp-json\/wp\/v2\/pages\/1073","targetHints":{"allow":["GET"]}}],"collection":[{"href":"https:\/\/sabinanazarova.com\/az\/wp-json\/wp\/v2\/pages"}],"about":[{"href":"https:\/\/sabinanazarova.com\/az\/wp-json\/wp\/v2\/types\/page"}],"author":[{"embeddable":true,"href":"https:\/\/sabinanazarova.com\/az\/wp-json\/wp\/v2\/users\/1"}],"replies":[{"embeddable":true,"href":"https:\/\/sabinanazarova.com\/az\/wp-json\/wp\/v2\/comments?post=1073"}],"version-history":[{"count":2,"href":"https:\/\/sabinanazarova.com\/az\/wp-json\/wp\/v2\/pages\/1073\/revisions"}],"predecessor-version":[{"id":1216,"href":"https:\/\/sabinanazarova.com\/az\/wp-json\/wp\/v2\/pages\/1073\/revisions\/1216"}],"up":[{"embeddable":true,"href":"https:\/\/sabinanazarova.com\/az\/wp-json\/wp\/v2\/pages\/977"}],"wp:attachment":[{"href":"https:\/\/sabinanazarova.com\/az\/wp-json\/wp\/v2\/media?parent=1073"}],"curies":[{"name":"wp","href":"https:\/\/api.w.org\/{rel}","templated":true}]}}